{"id":2024,"date":"2025-11-27T17:07:15","date_gmt":"2025-11-27T17:07:15","guid":{"rendered":"https:\/\/terraforming.is\/?page_id=2024"},"modified":"2025-12-08T10:51:44","modified_gmt":"2025-12-08T10:51:44","slug":"baendasamtok-islands","status":"publish","type":"page","link":"https:\/\/terraforming.is\/is\/upphafssida\/baendasamtok-islands\/","title":{"rendered":"MI\u00d0LUN"},"content":{"rendered":"\t\t<div data-elementor-type=\"wp-page\" data-elementor-id=\"2024\" class=\"elementor elementor-2024 elementor-2023\" data-elementor-settings=\"{&quot;element_pack_global_tooltip_width&quot;:{&quot;unit&quot;:&quot;px&quot;,&quot;size&quot;:&quot;&quot;,&quot;sizes&quot;:[]},&quot;element_pack_global_tooltip_width_tablet&quot;:{&quot;unit&quot;:&quot;px&quot;,&quot;size&quot;:&quot;&quot;,&quot;sizes&quot;:[]},&quot;element_pack_global_tooltip_width_mobile&quot;:{&quot;unit&quot;:&quot;px&quot;,&quot;size&quot;:&quot;&quot;,&quot;sizes&quot;:[]},&quot;element_pack_global_tooltip_padding&quot;:{&quot;unit&quot;:&quot;px&quot;,&quot;top&quot;:&quot;&quot;,&quot;right&quot;:&quot;&quot;,&quot;bottom&quot;:&quot;&quot;,&quot;left&quot;:&quot;&quot;,&quot;isLinked&quot;:true},&quot;element_pack_global_tooltip_padding_tablet&quot;:{&quot;unit&quot;:&quot;px&quot;,&quot;top&quot;:&quot;&quot;,&quot;right&quot;:&quot;&quot;,&quot;bottom&quot;:&quot;&quot;,&quot;left&quot;:&quot;&quot;,&quot;isLinked&quot;:true},&quot;element_pack_global_tooltip_padding_mobile&quot;:{&quot;unit&quot;:&quot;px&quot;,&quot;top&quot;:&quot;&quot;,&quot;right&quot;:&quot;&quot;,&quot;bottom&quot;:&quot;&quot;,&quot;left&quot;:&quot;&quot;,&quot;isLinked&quot;:true},&quot;element_pack_global_tooltip_border_radius&quot;:{&quot;unit&quot;:&quot;px&quot;,&quot;top&quot;:&quot;&quot;,&quot;right&quot;:&quot;&quot;,&quot;bottom&quot;:&quot;&quot;,&quot;left&quot;:&quot;&quot;,&quot;isLinked&quot;:true},&quot;element_pack_global_tooltip_border_radius_tablet&quot;:{&quot;unit&quot;:&quot;px&quot;,&quot;top&quot;:&quot;&quot;,&quot;right&quot;:&quot;&quot;,&quot;bottom&quot;:&quot;&quot;,&quot;left&quot;:&quot;&quot;,&quot;isLinked&quot;:true},&quot;element_pack_global_tooltip_border_radius_mobile&quot;:{&quot;unit&quot;:&quot;px&quot;,&quot;top&quot;:&quot;&quot;,&quot;right&quot;:&quot;&quot;,&quot;bottom&quot;:&quot;&quot;,&quot;left&quot;:&quot;&quot;,&quot;isLinked&quot;:true}}\" data-elementor-post-type=\"page\">\n\t\t\t\t\t\t<section class=\"elementor-section elementor-top-section elementor-element elementor-element-53c976a elementor-section-height-min-height elementor-section-items-stretch elementor-section-boxed elementor-section-height-default\" data-id=\"53c976a\" data-element_type=\"section\" data-settings=\"{&quot;background_background&quot;:&quot;classic&quot;,&quot;shape_divider_bottom&quot;:&quot;triangle-asymmetrical&quot;,&quot;shape_divider_top&quot;:&quot;triangle-asymmetrical&quot;}\">\n\t\t\t\t\t\t\t<div class=\"elementor-background-overlay\"><\/div>\n\t\t\t\t\t\t<div class=\"elementor-shape elementor-shape-top\" aria-hidden=\"true\" data-negative=\"false\">\n\t\t\t<svg xmlns=\"http:\/\/www.w3.org\/2000\/svg\" viewBox=\"0 0 1000 100\" preserveAspectRatio=\"none\">\n\t<path class=\"elementor-shape-fill\" d=\"M738,99l262-93V0H0v5.6L738,99z\"\/>\n<\/svg>\t\t<\/div>\n\t\t\t\t<div class=\"elementor-shape elementor-shape-bottom\" aria-hidden=\"true\" data-negative=\"false\">\n\t\t\t<svg xmlns=\"http:\/\/www.w3.org\/2000\/svg\" viewBox=\"0 0 1000 100\" preserveAspectRatio=\"none\">\n\t<path class=\"elementor-shape-fill\" d=\"M738,99l262-93V0H0v5.6L738,99z\"\/>\n<\/svg>\t\t<\/div>\n\t\t\t\t\t<div class=\"elementor-container elementor-column-gap-default\">\n\t\t\t\t\t<div class=\"elementor-column elementor-col-100 elementor-top-column elementor-element elementor-element-bbf927c\" data-id=\"bbf927c\" data-element_type=\"column\">\n\t\t\t<div class=\"elementor-widget-wrap elementor-element-populated\">\n\t\t\t\t\t\t<div class=\"elementor-element elementor-element-111a83f elementor-widget elementor-widget-heading\" data-id=\"111a83f\" data-element_type=\"widget\" data-widget_type=\"heading.default\">\n\t\t\t\t<div class=\"elementor-widget-container\">\n\t\t\t\t\t<h1 class=\"elementor-heading-title elementor-size-default\">Mi\u00f0lun<\/h1>\t\t\t\t<\/div>\n\t\t\t\t<\/div>\n\t\t\t\t\t<\/div>\n\t\t<\/div>\n\t\t\t\t\t<\/div>\n\t\t<\/section>\n\t\t\t\t<section class=\"elementor-section elementor-top-section elementor-element elementor-element-4dba4a30 elementor-section-boxed elementor-section-height-default elementor-section-height-default\" data-id=\"4dba4a30\" data-element_type=\"section\">\n\t\t\t\t\t\t<div class=\"elementor-container elementor-column-gap-default\">\n\t\t\t\t\t<div class=\"elementor-column elementor-col-100 elementor-top-column elementor-element elementor-element-72e603d4\" data-id=\"72e603d4\" data-element_type=\"column\">\n\t\t\t<div class=\"elementor-widget-wrap elementor-element-populated\">\n\t\t\t\t\t\t<section class=\"elementor-section elementor-inner-section elementor-element elementor-element-3bd56723 elementor-section-boxed elementor-section-height-default elementor-section-height-default\" data-id=\"3bd56723\" data-element_type=\"section\">\n\t\t\t\t\t\t<div class=\"elementor-container elementor-column-gap-wide\">\n\t\t\t\t\t<div class=\"elementor-column elementor-col-50 elementor-inner-column elementor-element elementor-element-5132b81c\" data-id=\"5132b81c\" data-element_type=\"column\">\n\t\t\t<div class=\"elementor-widget-wrap elementor-element-populated\">\n\t\t\t\t\t\t<div class=\"elementor-element elementor-element-b3cb5ae elementor-widget elementor-widget-heading\" data-id=\"b3cb5ae\" data-element_type=\"widget\" data-widget_type=\"heading.default\">\n\t\t\t\t<div class=\"elementor-widget-container\">\n\t\t\t\t\t<h1 class=\"elementor-heading-title elementor-size-default\">R\u00e1\u00f0stefna um l\u00edfgas- og \u00e1bur\u00f0arframlei\u00f0slu<\/h1>\t\t\t\t<\/div>\n\t\t\t\t<\/div>\n\t\t\t\t<div class=\"elementor-element elementor-element-6428bddc elementor-widget elementor-widget-heading\" data-id=\"6428bddc\" data-element_type=\"widget\" data-widget_type=\"heading.default\">\n\t\t\t\t<div class=\"elementor-widget-container\">\n\t\t\t\t\t<h4 class=\"elementor-heading-title elementor-size-default\">Kynning \u00e1 Terraforming<\/h4>\t\t\t\t<\/div>\n\t\t\t\t<\/div>\n\t\t\t\t<div class=\"elementor-element elementor-element-639fe796 elementor-widget-divider--view-line elementor-widget elementor-widget-divider\" data-id=\"639fe796\" data-element_type=\"widget\" data-widget_type=\"divider.default\">\n\t\t\t\t<div class=\"elementor-widget-container\">\n\t\t\t\t\t\t\t<div class=\"elementor-divider\">\n\t\t\t<span class=\"elementor-divider-separator\">\n\t\t\t\t\t\t<\/span>\n\t\t<\/div>\n\t\t\t\t\t\t<\/div>\n\t\t\t\t<\/div>\n\t\t\t\t<div class=\"elementor-element elementor-element-8534946 elementor-widget elementor-widget-text-editor\" data-id=\"8534946\" data-element_type=\"widget\" data-widget_type=\"text-editor.default\">\n\t\t\t\t<div class=\"elementor-widget-container\">\n\t\t\t\t\t\t\t\t\t<p>Terraforming LIFE var kynnt \u00e1 r\u00e1\u00f0stefnunni L\u00edfgas- og \u00e1bur\u00f0arframlei\u00f0sla: T\u00e6kif\u00e6ri \u00edslensks landb\u00fana\u00f0ar, sem haldin var \u00e1 H\u00f3tel Selfossi \u00ed j\u00fan\u00ed 2025.<\/p><p>Fyrirlesturinn var fluttur af Gy\u00f0u P\u00e9tursd\u00f3ttur, verkefnastj\u00f3ra hj\u00e1 B\u00e6ndasamt\u00f6kum \u00cdslands.<\/p><p>R\u00e1\u00f0stefnan var skipul\u00f6g\u00f0 af Ork\u00eddeu og Eimi me\u00f0 stu\u00f0ningi Landsvirkjunar og s\u00f3ttu hana um 140 \u00fe\u00e1tttakendur. Fyrirlesturinn, sem er \u00e1 \u00edslensku, hefst \u00e1 m\u00edn\u00fatu 1:08 \u00ed myndbandinu h\u00e9r a\u00f0 ne\u00f0an. <\/p>\t\t\t\t\t\t\t\t<\/div>\n\t\t\t\t<\/div>\n\t\t\t\t\t<\/div>\n\t\t<\/div>\n\t\t\t\t<div class=\"elementor-column elementor-col-50 elementor-inner-column elementor-element elementor-element-782ace20\" data-id=\"782ace20\" data-element_type=\"column\">\n\t\t\t<div class=\"elementor-widget-wrap elementor-element-populated\">\n\t\t\t\t\t\t<div class=\"elementor-element elementor-element-6f222f5 elementor-widget elementor-widget-image\" data-id=\"6f222f5\" data-element_type=\"widget\" data-widget_type=\"image.default\">\n\t\t\t\t<div class=\"elementor-widget-container\">\n\t\t\t\t\t\t\t\t\t\t\t\t\t\t\t<img fetchpriority=\"high\" decoding=\"async\" width=\"768\" height=\"432\" src=\"https:\/\/terraforming.is\/wp-content\/uploads\/2025\/06\/1-768x432.jpg\" class=\"attachment-medium_large size-medium_large wp-image-1439\" alt=\"\" srcset=\"https:\/\/terraforming.is\/wp-content\/uploads\/2025\/06\/1-768x432.jpg 768w, https:\/\/terraforming.is\/wp-content\/uploads\/2025\/06\/1-300x169.jpg 300w, https:\/\/terraforming.is\/wp-content\/uploads\/2025\/06\/1-1024x576.jpg 1024w, https:\/\/terraforming.is\/wp-content\/uploads\/2025\/06\/1.jpg 1280w\" sizes=\"(max-width: 768px) 100vw, 768px\" \/>\t\t\t\t\t\t\t\t\t\t\t\t\t\t\t<\/div>\n\t\t\t\t<\/div>\n\t\t\t\t\t<\/div>\n\t\t<\/div>\n\t\t\t\t\t<\/div>\n\t\t<\/section>\n\t\t\t\t\t<\/div>\n\t\t<\/div>\n\t\t\t\t\t<\/div>\n\t\t<\/section>\n\t\t\t\t<section class=\"elementor-section elementor-top-section elementor-element elementor-element-77a049d elementor-section-boxed elementor-section-height-default elementor-section-height-default\" data-id=\"77a049d\" data-element_type=\"section\">\n\t\t\t\t\t\t<div class=\"elementor-container elementor-column-gap-default\">\n\t\t\t\t\t<div class=\"elementor-column elementor-col-100 elementor-top-column elementor-element elementor-element-d8b6063\" data-id=\"d8b6063\" data-element_type=\"column\">\n\t\t\t<div class=\"elementor-widget-wrap elementor-element-populated\">\n\t\t\t\t\t\t<div class=\"elementor-element elementor-element-7f80835 elementor-widget elementor-widget-video\" data-id=\"7f80835\" data-element_type=\"widget\" data-settings=\"{&quot;youtube_url&quot;:&quot;https:\\\/\\\/www.youtube.com\\\/watch?v=Lsk6D2qQQ6s&quot;,&quot;video_type&quot;:&quot;youtube&quot;,&quot;controls&quot;:&quot;yes&quot;}\" data-widget_type=\"video.default\">\n\t\t\t\t<div class=\"elementor-widget-container\">\n\t\t\t\t\t\t\t<div class=\"elementor-wrapper elementor-open-inline\">\n\t\t\t<div class=\"elementor-video\"><\/div>\t\t<\/div>\n\t\t\t\t\t\t<\/div>\n\t\t\t\t<\/div>\n\t\t\t\t\t<\/div>\n\t\t<\/div>\n\t\t\t\t\t<\/div>\n\t\t<\/section>\n\t\t\t\t<section class=\"elementor-section elementor-top-section elementor-element elementor-element-5c0a7f8 elementor-section-boxed elementor-section-height-default elementor-section-height-default\" data-id=\"5c0a7f8\" data-element_type=\"section\">\n\t\t\t\t\t\t<div class=\"elementor-container elementor-column-gap-default\">\n\t\t\t\t\t<div class=\"elementor-column elementor-col-100 elementor-top-column elementor-element elementor-element-812cd0e\" data-id=\"812cd0e\" data-element_type=\"column\">\n\t\t\t<div class=\"elementor-widget-wrap\">\n\t\t\t\t\t\t\t<\/div>\n\t\t<\/div>\n\t\t\t\t\t<\/div>\n\t\t<\/section>\n\t\t\t\t<section class=\"elementor-section elementor-top-section elementor-element elementor-element-676789dc elementor-section-boxed elementor-section-height-default elementor-section-height-default\" data-id=\"676789dc\" data-element_type=\"section\" data-settings=\"{&quot;background_background&quot;:&quot;classic&quot;}\">\n\t\t\t\t\t\t<div class=\"elementor-container elementor-column-gap-default\">\n\t\t\t\t\t<div class=\"elementor-column elementor-col-100 elementor-top-column elementor-element elementor-element-49ebcb8a\" data-id=\"49ebcb8a\" data-element_type=\"column\">\n\t\t\t<div class=\"elementor-widget-wrap elementor-element-populated\">\n\t\t\t\t\t\t<div class=\"elementor-element elementor-element-1dfd20d0 elementor-widget elementor-widget-heading\" data-id=\"1dfd20d0\" data-element_type=\"widget\" data-widget_type=\"heading.default\">\n\t\t\t\t<div class=\"elementor-widget-container\">\n\t\t\t\t\t<h4 class=\"elementor-heading-title elementor-size-default\">Fylgstu me\u00f0 fr\u00e9ttum!<\/h4>\t\t\t\t<\/div>\n\t\t\t\t<\/div>\n\t\t\t\t<div class=\"elementor-element elementor-element-49b25630 elementor-invisible elementor-widget elementor-widget-heading\" data-id=\"49b25630\" data-element_type=\"widget\" data-settings=\"{&quot;_animation&quot;:&quot;slideInUp&quot;}\" data-widget_type=\"heading.default\">\n\t\t\t\t<div class=\"elementor-widget-container\">\n\t\t\t\t\t<h1 class=\"elementor-heading-title elementor-size-default\">Viltu fr\u00e1 fr\u00e9ttir af \u00fer\u00f3un Terraforming LIFE?<\/h1>\t\t\t\t<\/div>\n\t\t\t\t<\/div>\n\t\t\t\t<div class=\"elementor-element elementor-element-2c95ef38 elementor-widget elementor-widget-text-editor\" data-id=\"2c95ef38\" data-element_type=\"widget\" data-widget_type=\"text-editor.default\">\n\t\t\t\t<div class=\"elementor-widget-container\">\n\t\t\t\t\t\t\t\t\t<p>Skr\u00e1\u00f0u \u00feig \u00e1 p\u00f3stlistann okkar.<\/p>\t\t\t\t\t\t\t\t<\/div>\n\t\t\t\t<\/div>\n\t\t\t\t<div class=\"elementor-element elementor-element-7e9d4b0e elementor-widget-divider--view-line elementor-widget elementor-widget-divider\" data-id=\"7e9d4b0e\" data-element_type=\"widget\" data-widget_type=\"divider.default\">\n\t\t\t\t<div class=\"elementor-widget-container\">\n\t\t\t\t\t\t\t<div class=\"elementor-divider\">\n\t\t\t<span class=\"elementor-divider-separator\">\n\t\t\t\t\t\t<\/span>\n\t\t<\/div>\n\t\t\t\t\t\t<\/div>\n\t\t\t\t<\/div>\n\t\t\t\t<div class=\"elementor-element elementor-element-3c868939 elementor-align-center elementor-widget elementor-widget-button\" data-id=\"3c868939\" data-element_type=\"widget\" data-widget_type=\"button.default\">\n\t\t\t\t<div class=\"elementor-widget-container\">\n\t\t\t\t\t\t\t\t\t<div class=\"elementor-button-wrapper\">\n\t\t\t\t\t<a class=\"elementor-button elementor-button-link elementor-size-sm\" href=\"https:\/\/terraforming.is\/is\/skradu-thig\/\">\n\t\t\t\t\t\t<span class=\"elementor-button-content-wrapper\">\n\t\t\t\t\t\t\t\t\t<span class=\"elementor-button-text\">Skr\u00e1 mig<\/span>\n\t\t\t\t\t<\/span>\n\t\t\t\t\t<\/a>\n\t\t\t\t<\/div>\n\t\t\t\t\t\t\t\t<\/div>\n\t\t\t\t<\/div>\n\t\t\t\t\t<\/div>\n\t\t<\/div>\n\t\t\t\t\t<\/div>\n\t\t<\/section>\n\t\t\t\t<\/div>\n\t\t","protected":false},"excerpt":{"rendered":"<p>Mi\u00f0lun R\u00e1\u00f0stefna um l\u00edfgas- og \u00e1bur\u00f0arframlei\u00f0slu Kynning \u00e1 Terraforming Terraforming LIFE var kynnt \u00e1 r\u00e1\u00f0stefnunni L\u00edfgas- og \u00e1bur\u00f0arframlei\u00f0sla: T\u00e6kif\u00e6ri \u00edslensks landb\u00fana\u00f0ar, sem haldin var \u00e1 H\u00f3tel Selfossi \u00ed j\u00fan\u00ed 2025. Fyrirlesturinn var fluttur af Gy\u00f0u P\u00e9tursd\u00f3ttur, verkefnastj\u00f3ra hj\u00e1 B\u00e6ndasamt\u00f6kum \u00cdslands. R\u00e1\u00f0stefnan var skipul\u00f6g\u00f0 af Ork\u00eddeu og Eimi me\u00f0 stu\u00f0ningi Landsvirkjunar og s\u00f3ttu hana um 140 [&hellip;]<\/p>\n","protected":false},"author":5,"featured_media":0,"parent":2127,"menu_order":4,"comment_status":"closed","ping_status":"closed","template":"","meta":{"footnotes":""},"class_list":["post-2024","page","type-page","status-publish","hentry"],"yoast_head":"<!-- This site is optimized with the Yoast SEO plugin v26.4 - https:\/\/yoast.com\/wordpress\/plugins\/seo\/ -->\n<title>MI\u00d0LUN - Terraforming LIFE<\/title>\n<meta name=\"robots\" content=\"index, follow, max-snippet:-1, max-image-preview:large, max-video-preview:-1\" \/>\n<link rel=\"canonical\" href=\"https:\/\/terraforming.is\/is\/upphafssida\/baendasamtok-islands\/\" \/>\n<meta property=\"og:locale\" content=\"is_IS\" \/>\n<meta property=\"og:type\" content=\"article\" \/>\n<meta property=\"og:title\" content=\"MI\u00d0LUN - Terraforming LIFE\" \/>\n<meta property=\"og:description\" content=\"Mi\u00f0lun R\u00e1\u00f0stefna um l\u00edfgas- og \u00e1bur\u00f0arframlei\u00f0slu Kynning \u00e1 Terraforming Terraforming LIFE var kynnt \u00e1 r\u00e1\u00f0stefnunni L\u00edfgas- og \u00e1bur\u00f0arframlei\u00f0sla: T\u00e6kif\u00e6ri \u00edslensks landb\u00fana\u00f0ar, sem haldin var \u00e1 H\u00f3tel Selfossi \u00ed j\u00fan\u00ed 2025. Fyrirlesturinn var fluttur af Gy\u00f0u P\u00e9tursd\u00f3ttur, verkefnastj\u00f3ra hj\u00e1 B\u00e6ndasamt\u00f6kum \u00cdslands. R\u00e1\u00f0stefnan var skipul\u00f6g\u00f0 af Ork\u00eddeu og Eimi me\u00f0 stu\u00f0ningi Landsvirkjunar og s\u00f3ttu hana um 140 [&hellip;]\" \/>\n<meta property=\"og:url\" content=\"https:\/\/terraforming.is\/is\/upphafssida\/baendasamtok-islands\/\" \/>\n<meta property=\"og:site_name\" content=\"Terraforming LIFE\" \/>\n<meta property=\"article:modified_time\" content=\"2025-12-08T10:51:44+00:00\" \/>\n<meta property=\"og:image\" content=\"https:\/\/terraforming.is\/wp-content\/uploads\/2025\/06\/1.jpg\" \/>\n\t<meta property=\"og:image:width\" content=\"1280\" \/>\n\t<meta property=\"og:image:height\" content=\"720\" \/>\n\t<meta property=\"og:image:type\" content=\"image\/jpeg\" \/>\n<meta name=\"twitter:card\" content=\"summary_large_image\" \/>\n<meta name=\"twitter:label1\" content=\"Est. reading time\" \/>\n\t<meta name=\"twitter:data1\" content=\"1 minute\" \/>\n<script type=\"application\/ld+json\" class=\"yoast-schema-graph\">{\"@context\":\"https:\/\/schema.org\",\"@graph\":[{\"@type\":\"WebPage\",\"@id\":\"https:\/\/terraforming.is\/is\/upphafssida\/baendasamtok-islands\/\",\"url\":\"https:\/\/terraforming.is\/is\/upphafssida\/baendasamtok-islands\/\",\"name\":\"MI\u00d0LUN - Terraforming LIFE\",\"isPartOf\":{\"@id\":\"https:\/\/terraforming.is\/#website\"},\"primaryImageOfPage\":{\"@id\":\"https:\/\/terraforming.is\/is\/upphafssida\/baendasamtok-islands\/#primaryimage\"},\"image\":{\"@id\":\"https:\/\/terraforming.is\/is\/upphafssida\/baendasamtok-islands\/#primaryimage\"},\"thumbnailUrl\":\"https:\/\/terraforming.is\/wp-content\/uploads\/2025\/06\/1-768x432.jpg\",\"datePublished\":\"2025-11-27T17:07:15+00:00\",\"dateModified\":\"2025-12-08T10:51:44+00:00\",\"breadcrumb\":{\"@id\":\"https:\/\/terraforming.is\/is\/upphafssida\/baendasamtok-islands\/#breadcrumb\"},\"inLanguage\":\"is\",\"potentialAction\":[{\"@type\":\"ReadAction\",\"target\":[\"https:\/\/terraforming.is\/is\/upphafssida\/baendasamtok-islands\/\"]}]},{\"@type\":\"ImageObject\",\"inLanguage\":\"is\",\"@id\":\"https:\/\/terraforming.is\/is\/upphafssida\/baendasamtok-islands\/#primaryimage\",\"url\":\"https:\/\/terraforming.is\/wp-content\/uploads\/2025\/06\/1-768x432.jpg\",\"contentUrl\":\"https:\/\/terraforming.is\/wp-content\/uploads\/2025\/06\/1-768x432.jpg\"},{\"@type\":\"BreadcrumbList\",\"@id\":\"https:\/\/terraforming.is\/is\/upphafssida\/baendasamtok-islands\/#breadcrumb\",\"itemListElement\":[{\"@type\":\"ListItem\",\"position\":1,\"name\":\"Home\",\"item\":\"https:\/\/terraforming.is\/is\/upphafssida\/\"},{\"@type\":\"ListItem\",\"position\":2,\"name\":\"Upphafss\u00ed\u00f0a\",\"item\":\"https:\/\/terraforming.is\/is\/upphafssida\/\"},{\"@type\":\"ListItem\",\"position\":3,\"name\":\"MI\u00d0LUN\"}]},{\"@type\":\"WebSite\",\"@id\":\"https:\/\/terraforming.is\/#website\",\"url\":\"https:\/\/terraforming.is\/\",\"name\":\"Terraforming LIFE\",\"description\":\"Super food for mother nature\",\"publisher\":{\"@id\":\"https:\/\/terraforming.is\/#organization\"},\"potentialAction\":[{\"@type\":\"SearchAction\",\"target\":{\"@type\":\"EntryPoint\",\"urlTemplate\":\"https:\/\/terraforming.is\/?s={search_term_string}\"},\"query-input\":{\"@type\":\"PropertyValueSpecification\",\"valueRequired\":true,\"valueName\":\"search_term_string\"}}],\"inLanguage\":\"is\"},{\"@type\":\"Organization\",\"@id\":\"https:\/\/terraforming.is\/#organization\",\"name\":\"Terraforming LIFE\",\"url\":\"https:\/\/terraforming.is\/\",\"logo\":{\"@type\":\"ImageObject\",\"inLanguage\":\"is\",\"@id\":\"https:\/\/terraforming.is\/#\/schema\/logo\/image\/\",\"url\":\"https:\/\/terraforming.is\/wp-content\/uploads\/2023\/09\/terraformingLife_banner-600x141-1.png\",\"contentUrl\":\"https:\/\/terraforming.is\/wp-content\/uploads\/2023\/09\/terraformingLife_banner-600x141-1.png\",\"width\":600,\"height\":141,\"caption\":\"Terraforming LIFE\"},\"image\":{\"@id\":\"https:\/\/terraforming.is\/#\/schema\/logo\/image\/\"}}]}<\/script>\n<!-- \/ Yoast SEO plugin. -->","yoast_head_json":{"title":"MI\u00d0LUN - Terraforming LIFE","robots":{"index":"index","follow":"follow","max-snippet":"max-snippet:-1","max-image-preview":"max-image-preview:large","max-video-preview":"max-video-preview:-1"},"canonical":"https:\/\/terraforming.is\/is\/upphafssida\/baendasamtok-islands\/","og_locale":"is_IS","og_type":"article","og_title":"MI\u00d0LUN - Terraforming LIFE","og_description":"Mi\u00f0lun R\u00e1\u00f0stefna um l\u00edfgas- og \u00e1bur\u00f0arframlei\u00f0slu Kynning \u00e1 Terraforming Terraforming LIFE var kynnt \u00e1 r\u00e1\u00f0stefnunni L\u00edfgas- og \u00e1bur\u00f0arframlei\u00f0sla: T\u00e6kif\u00e6ri \u00edslensks landb\u00fana\u00f0ar, sem haldin var \u00e1 H\u00f3tel Selfossi \u00ed j\u00fan\u00ed 2025. Fyrirlesturinn var fluttur af Gy\u00f0u P\u00e9tursd\u00f3ttur, verkefnastj\u00f3ra hj\u00e1 B\u00e6ndasamt\u00f6kum \u00cdslands. R\u00e1\u00f0stefnan var skipul\u00f6g\u00f0 af Ork\u00eddeu og Eimi me\u00f0 stu\u00f0ningi Landsvirkjunar og s\u00f3ttu hana um 140 [&hellip;]","og_url":"https:\/\/terraforming.is\/is\/upphafssida\/baendasamtok-islands\/","og_site_name":"Terraforming LIFE","article_modified_time":"2025-12-08T10:51:44+00:00","og_image":[{"width":1280,"height":720,"url":"https:\/\/terraforming.is\/wp-content\/uploads\/2025\/06\/1.jpg","type":"image\/jpeg"}],"twitter_card":"summary_large_image","twitter_misc":{"Est. reading time":"1 minute"},"schema":{"@context":"https:\/\/schema.org","@graph":[{"@type":"WebPage","@id":"https:\/\/terraforming.is\/is\/upphafssida\/baendasamtok-islands\/","url":"https:\/\/terraforming.is\/is\/upphafssida\/baendasamtok-islands\/","name":"MI\u00d0LUN - Terraforming LIFE","isPartOf":{"@id":"https:\/\/terraforming.is\/#website"},"primaryImageOfPage":{"@id":"https:\/\/terraforming.is\/is\/upphafssida\/baendasamtok-islands\/#primaryimage"},"image":{"@id":"https:\/\/terraforming.is\/is\/upphafssida\/baendasamtok-islands\/#primaryimage"},"thumbnailUrl":"https:\/\/terraforming.is\/wp-content\/uploads\/2025\/06\/1-768x432.jpg","datePublished":"2025-11-27T17:07:15+00:00","dateModified":"2025-12-08T10:51:44+00:00","breadcrumb":{"@id":"https:\/\/terraforming.is\/is\/upphafssida\/baendasamtok-islands\/#breadcrumb"},"inLanguage":"is","potentialAction":[{"@type":"ReadAction","target":["https:\/\/terraforming.is\/is\/upphafssida\/baendasamtok-islands\/"]}]},{"@type":"ImageObject","inLanguage":"is","@id":"https:\/\/terraforming.is\/is\/upphafssida\/baendasamtok-islands\/#primaryimage","url":"https:\/\/terraforming.is\/wp-content\/uploads\/2025\/06\/1-768x432.jpg","contentUrl":"https:\/\/terraforming.is\/wp-content\/uploads\/2025\/06\/1-768x432.jpg"},{"@type":"BreadcrumbList","@id":"https:\/\/terraforming.is\/is\/upphafssida\/baendasamtok-islands\/#breadcrumb","itemListElement":[{"@type":"ListItem","position":1,"name":"Home","item":"https:\/\/terraforming.is\/is\/upphafssida\/"},{"@type":"ListItem","position":2,"name":"Upphafss\u00ed\u00f0a","item":"https:\/\/terraforming.is\/is\/upphafssida\/"},{"@type":"ListItem","position":3,"name":"MI\u00d0LUN"}]},{"@type":"WebSite","@id":"https:\/\/terraforming.is\/#website","url":"https:\/\/terraforming.is\/","name":"Terraforming LIFE","description":"Super food for mother nature","publisher":{"@id":"https:\/\/terraforming.is\/#organization"},"potentialAction":[{"@type":"SearchAction","target":{"@type":"EntryPoint","urlTemplate":"https:\/\/terraforming.is\/?s={search_term_string}"},"query-input":{"@type":"PropertyValueSpecification","valueRequired":true,"valueName":"search_term_string"}}],"inLanguage":"is"},{"@type":"Organization","@id":"https:\/\/terraforming.is\/#organization","name":"Terraforming LIFE","url":"https:\/\/terraforming.is\/","logo":{"@type":"ImageObject","inLanguage":"is","@id":"https:\/\/terraforming.is\/#\/schema\/logo\/image\/","url":"https:\/\/terraforming.is\/wp-content\/uploads\/2023\/09\/terraformingLife_banner-600x141-1.png","contentUrl":"https:\/\/terraforming.is\/wp-content\/uploads\/2023\/09\/terraformingLife_banner-600x141-1.png","width":600,"height":141,"caption":"Terraforming LIFE"},"image":{"@id":"https:\/\/terraforming.is\/#\/schema\/logo\/image\/"}}]}},"_links":{"self":[{"href":"https:\/\/terraforming.is\/is\/wp-json\/wp\/v2\/pages\/2024","targetHints":{"allow":["GET"]}}],"collection":[{"href":"https:\/\/terraforming.is\/is\/wp-json\/wp\/v2\/pages"}],"about":[{"href":"https:\/\/terraforming.is\/is\/wp-json\/wp\/v2\/types\/page"}],"author":[{"embeddable":true,"href":"https:\/\/terraforming.is\/is\/wp-json\/wp\/v2\/users\/5"}],"replies":[{"embeddable":true,"href":"https:\/\/terraforming.is\/is\/wp-json\/wp\/v2\/comments?post=2024"}],"version-history":[{"count":6,"href":"https:\/\/terraforming.is\/is\/wp-json\/wp\/v2\/pages\/2024\/revisions"}],"predecessor-version":[{"id":2252,"href":"https:\/\/terraforming.is\/is\/wp-json\/wp\/v2\/pages\/2024\/revisions\/2252"}],"up":[{"embeddable":true,"href":"https:\/\/terraforming.is\/is\/wp-json\/wp\/v2\/pages\/2127"}],"wp:attachment":[{"href":"https:\/\/terraforming.is\/is\/wp-json\/wp\/v2\/media?parent=2024"}],"curies":[{"name":"wp","href":"https:\/\/api.w.org\/{rel}","templated":true}]}}