{"id":1987,"date":"2023-12-19T12:10:58","date_gmt":"2023-12-19T12:10:58","guid":{"rendered":"https:\/\/terraforming.is\/skradu-thig\/"},"modified":"2025-12-01T22:39:26","modified_gmt":"2025-12-01T22:39:26","slug":"skradu-thig","status":"publish","type":"page","link":"https:\/\/terraforming.is\/is\/skradu-thig\/","title":{"rendered":"SKR\u00c1\u00d0U \u00deIG"},"content":{"rendered":"\t\t<div data-elementor-type=\"wp-page\" data-elementor-id=\"1987\" class=\"elementor elementor-1987 elementor-1001\" data-elementor-settings=\"{&quot;element_pack_global_tooltip_width&quot;:{&quot;unit&quot;:&quot;px&quot;,&quot;size&quot;:&quot;&quot;,&quot;sizes&quot;:[]},&quot;element_pack_global_tooltip_width_tablet&quot;:{&quot;unit&quot;:&quot;px&quot;,&quot;size&quot;:&quot;&quot;,&quot;sizes&quot;:[]},&quot;element_pack_global_tooltip_width_mobile&quot;:{&quot;unit&quot;:&quot;px&quot;,&quot;size&quot;:&quot;&quot;,&quot;sizes&quot;:[]},&quot;element_pack_global_tooltip_padding&quot;:{&quot;unit&quot;:&quot;px&quot;,&quot;top&quot;:&quot;&quot;,&quot;right&quot;:&quot;&quot;,&quot;bottom&quot;:&quot;&quot;,&quot;left&quot;:&quot;&quot;,&quot;isLinked&quot;:true},&quot;element_pack_global_tooltip_padding_tablet&quot;:{&quot;unit&quot;:&quot;px&quot;,&quot;top&quot;:&quot;&quot;,&quot;right&quot;:&quot;&quot;,&quot;bottom&quot;:&quot;&quot;,&quot;left&quot;:&quot;&quot;,&quot;isLinked&quot;:true},&quot;element_pack_global_tooltip_padding_mobile&quot;:{&quot;unit&quot;:&quot;px&quot;,&quot;top&quot;:&quot;&quot;,&quot;right&quot;:&quot;&quot;,&quot;bottom&quot;:&quot;&quot;,&quot;left&quot;:&quot;&quot;,&quot;isLinked&quot;:true},&quot;element_pack_global_tooltip_border_radius&quot;:{&quot;unit&quot;:&quot;px&quot;,&quot;top&quot;:&quot;&quot;,&quot;right&quot;:&quot;&quot;,&quot;bottom&quot;:&quot;&quot;,&quot;left&quot;:&quot;&quot;,&quot;isLinked&quot;:true},&quot;element_pack_global_tooltip_border_radius_tablet&quot;:{&quot;unit&quot;:&quot;px&quot;,&quot;top&quot;:&quot;&quot;,&quot;right&quot;:&quot;&quot;,&quot;bottom&quot;:&quot;&quot;,&quot;left&quot;:&quot;&quot;,&quot;isLinked&quot;:true},&quot;element_pack_global_tooltip_border_radius_mobile&quot;:{&quot;unit&quot;:&quot;px&quot;,&quot;top&quot;:&quot;&quot;,&quot;right&quot;:&quot;&quot;,&quot;bottom&quot;:&quot;&quot;,&quot;left&quot;:&quot;&quot;,&quot;isLinked&quot;:true}}\" data-elementor-post-type=\"page\">\n\t\t\t\t\t\t<section class=\"elementor-section elementor-top-section elementor-element elementor-element-d508a12 elementor-section-height-min-height elementor-section-items-stretch elementor-section-boxed elementor-section-height-default\" data-id=\"d508a12\" data-element_type=\"section\" data-settings=\"{&quot;background_background&quot;:&quot;classic&quot;,&quot;shape_divider_bottom&quot;:&quot;triangle-asymmetrical&quot;}\">\n\t\t\t\t\t\t\t<div class=\"elementor-background-overlay\"><\/div>\n\t\t\t\t\t\t<div class=\"elementor-shape elementor-shape-bottom\" aria-hidden=\"true\" data-negative=\"false\">\n\t\t\t<svg xmlns=\"http:\/\/www.w3.org\/2000\/svg\" viewBox=\"0 0 1000 100\" preserveAspectRatio=\"none\">\n\t<path class=\"elementor-shape-fill\" d=\"M738,99l262-93V0H0v5.6L738,99z\"\/>\n<\/svg>\t\t<\/div>\n\t\t\t\t\t<div class=\"elementor-container elementor-column-gap-default\">\n\t\t\t\t\t<div class=\"elementor-column elementor-col-100 elementor-top-column elementor-element elementor-element-30372f8\" data-id=\"30372f8\" data-element_type=\"column\">\n\t\t\t<div class=\"elementor-widget-wrap elementor-element-populated\">\n\t\t\t\t\t\t<div class=\"elementor-element elementor-element-68b04f1 elementor-widget elementor-widget-heading\" data-id=\"68b04f1\" data-element_type=\"widget\" data-widget_type=\"heading.default\">\n\t\t\t\t<div class=\"elementor-widget-container\">\n\t\t\t\t\t<h1 class=\"elementor-heading-title elementor-size-default\">Skr\u00e1\u00f0u \u00feig \u00e1 p\u00f3stlista<\/h1>\t\t\t\t<\/div>\n\t\t\t\t<\/div>\n\t\t\t\t\t<\/div>\n\t\t<\/div>\n\t\t\t\t\t<\/div>\n\t\t<\/section>\n\t\t\t\t<section class=\"elementor-section elementor-top-section elementor-element elementor-element-1ee7702 elementor-section-boxed elementor-section-height-default elementor-section-height-default\" data-id=\"1ee7702\" data-element_type=\"section\">\n\t\t\t\t\t\t<div class=\"elementor-container elementor-column-gap-default\">\n\t\t\t\t\t<div class=\"elementor-column elementor-col-50 elementor-top-column elementor-element elementor-element-7b597f7\" data-id=\"7b597f7\" data-element_type=\"column\">\n\t\t\t<div class=\"elementor-widget-wrap elementor-element-populated\">\n\t\t\t\t\t\t<div class=\"elementor-element elementor-element-692d502 elementor-widget elementor-widget-image\" data-id=\"692d502\" data-element_type=\"widget\" data-widget_type=\"image.default\">\n\t\t\t\t<div class=\"elementor-widget-container\">\n\t\t\t\t\t\t\t\t\t\t\t\t\t\t\t<img fetchpriority=\"high\" decoding=\"async\" width=\"400\" height=\"400\" src=\"https:\/\/terraforming.is\/wp-content\/uploads\/2023\/10\/Terraforming-LIFE-logo-400x400-1.png\" class=\"attachment-large size-large wp-image-1245\" alt=\"\" srcset=\"https:\/\/terraforming.is\/wp-content\/uploads\/2023\/10\/Terraforming-LIFE-logo-400x400-1.png 400w, https:\/\/terraforming.is\/wp-content\/uploads\/2023\/10\/Terraforming-LIFE-logo-400x400-1-300x300.png 300w, https:\/\/terraforming.is\/wp-content\/uploads\/2023\/10\/Terraforming-LIFE-logo-400x400-1-150x150.png 150w\" sizes=\"(max-width: 400px) 100vw, 400px\" \/>\t\t\t\t\t\t\t\t\t\t\t\t\t\t\t<\/div>\n\t\t\t\t<\/div>\n\t\t\t\t\t<\/div>\n\t\t<\/div>\n\t\t\t\t<div class=\"elementor-column elementor-col-50 elementor-top-column elementor-element elementor-element-d24bb2c\" data-id=\"d24bb2c\" data-element_type=\"column\">\n\t\t\t<div class=\"elementor-widget-wrap elementor-element-populated\">\n\t\t\t\t\t\t<div class=\"elementor-element elementor-element-5e07166 elementor-hidden-desktop elementor-hidden-tablet elementor-hidden-mobile elementor-widget elementor-widget-bdt-contact-form\" data-id=\"5e07166\" data-element_type=\"widget\" data-widget_type=\"bdt-contact-form.default\">\n\t\t\t\t<div class=\"elementor-widget-container\">\n\t\t\t\t\t\t\t<div class=\"bdt-contact-form bdt-contact-form-skin-default\">\n\t\t\t<div class=\"elementor-form-fields-wrapper\">\n\t\t\t\t\t\t<div class=\"bdt-contact-form-wrapper\">\n\t\t\t<form class=\"bdt-contact-form-form bdt-form-stacked bdt-grid bdt-grid-small without-recaptcha\" data-bdt-grid=\"\" action=\"https:\/\/terraforming.is\/wp-admin\/admin-ajax.php\" method=\"post\">\n\n\t\t\t\t\n\t\t\t\t\t<div class=\"bdt-field-group elementor-field-required bdt-width-1-1\">\n\t\t\t\t\t\t<label for=\"user_name5e07166\" class=\"bdt-form-label\">Nafn*<\/label><div class=\"bdt-form-controls\"><input type=\"text\" name=\"name\" id=\"user_name5e07166\" placeholder=\"Nafn \u00feitt\" class=\"bdt-input bdt-form-default\" required =\"required\"><\/div>\t\t\t\t\t<\/div>\n\n\t\t\t\t\t<div class=\"bdt-field-group elementor-field-required bdt-width-1-1\">\n\t\t\t\t\t\t<label for=\"email5e07166\" class=\"bdt-form-label\">Netfang*<\/label><div class=\"bdt-form-controls\"><input type=\"email\" name=\"email\" id=\"email5e07166\" placeholder=\"d\u00e6mi@netfang.com\" class=\"bdt-input bdt-form-default\" required=\"required\"><\/div>\t\t\t\t\t<\/div>\n\n\t\t\t\t\t\n\t\t\t\t\t\t\t\t\t\t\t<div class=\"bdt-field-group bdt-width-1-1 elementor-field-required\">\n\t\t\t\t\t\t\t<label for=\"subject5e07166\" class=\"bdt-form-label\">Efni*<\/label><div class=\"bdt-form-controls\"><input type=\"text\" name=\"subject\" id=\"subject5e07166\" placeholder=\"Skr\u00e1\u00f0u \u00feig \u00e1 p\u00f3stlista\" class=\"bdt-input bdt-form-default\" required=\"required\"><\/div>\t\t\t\t\t\t<\/div>\n\t\t\t\t\t\n\t\t\t\t\t\n\t\t\t\t\t\t\t\t\t\t\t<div class=\"bdt-field-group bdt-width-1-1 elementor-field-required\">\n\t\t\t\t\t\t\t<label for=\"message5e07166\" class=\"bdt-form-label\">Skilabo\u00f0 \u00fe\u00edn*<\/label><div class=\"bdt-form-controls\"><textarea name=\"message\" id=\"message5e07166\" rows=\"5\" placeholder=\"\u00c9g vil skr\u00e1 mig \u00e1 p\u00f3stlista Terraforming LIFE\" class=\"bdt-textarea bdt-form-default\" required=\"required\"><\/textarea><\/div>\t\t\t\t\t\t<\/div>\n\t\t\t\t\t\n\t\t\t\t\t\n\n\t\t\t\t\t\n\t\t\t\t\t\n\t\t\t\t\t<input type=\"hidden\" class=\"widget_id\" name=\"widget_id\" value=\"5e07166\" \/>\n\t\t\t\t\t<input type=\"hidden\" name=\"bdt-sf-5e07166\" value=\"true\" \/>\n\t\t\t\t\t<input type=\"hidden\" class=\"page_id\" name=\"page_id\" value=\"1987\" \/>\n\n\t\t\t\t\t<div class=\"elementor-field-type-submit bdt-field-group bdt-flex bdt-width-1-1\">\n\t\t\t\t\t\t<button type=\"submit\" class=\"elementor-button bdt-button bdt-button-primary\" name=\"submit\">\n\t\t\t\t\t\t\t\t\t\t\t\t\t\t\t<span>\n\t\t\t\t\t\t\t\t\tSenda skilabo\u00f0\t\t\t\t\t\t\t\t<\/span>\n\t\t\t\t\t\t\t\t\t\t\t\t\t<\/button>\n\t\t\t\t\t<\/div>\n\n\t\t\t\t\t<input name=\"_wpnonce\" value=\"21b8308000\" type=\"hidden\">\n\t\t\t\t\t\n\t\t\t\t\t\t\t\t\t\t\n\n\t\t\t\t\t<input type=\"hidden\" name=\"action\" value=\"element_pack_contact_form\" \/>\n\n\t\t\t\t\t\n\t\t\t<\/form>\n\t\t<\/div>\n\t\t\t\t\t<\/div>\n\t\t<\/div>\n\t\t\t\t\t\t<\/div>\n\t\t\t\t<\/div>\n\t\t\t\t<div class=\"elementor-element elementor-element-16d18fc elementor-button-align-stretch elementor-widget elementor-widget-form\" data-id=\"16d18fc\" data-element_type=\"widget\" data-settings=\"{&quot;step_next_label&quot;:&quot;N\\u00e6st&quot;,&quot;step_previous_label&quot;:&quot;\\u00c1 undan&quot;,&quot;button_width&quot;:&quot;100&quot;,&quot;step_type&quot;:&quot;number_text&quot;,&quot;step_icon_shape&quot;:&quot;circle&quot;}\" data-widget_type=\"form.default\">\n\t\t\t\t<div class=\"elementor-widget-container\">\n\t\t\t\t\t\t\t<form class=\"elementor-form\" method=\"post\" name=\"Sprettiglugga \u00e1skriftarform\" aria-label=\"Sprettiglugga \u00e1skriftarform\">\n\t\t\t<input type=\"hidden\" name=\"post_id\" value=\"1987\"\/>\n\t\t\t<input type=\"hidden\" name=\"form_id\" value=\"16d18fc\"\/>\n\t\t\t<input type=\"hidden\" name=\"referer_title\" value=\"SKR\u00c1\u00d0U \u00deIG - Terraforming LIFE\" \/>\n\n\t\t\t\t\t\t\t<input type=\"hidden\" name=\"queried_id\" value=\"1987\"\/>\n\t\t\t\n\t\t\t<div class=\"elementor-form-fields-wrapper elementor-labels-\">\n\t\t\t\t\t\t\t\t<div class=\"elementor-field-type-email elementor-field-group elementor-column elementor-field-group-email elementor-col-100 elementor-field-required\">\n\t\t\t\t\t\t\t\t\t\t\t\t<label for=\"form-field-email\" class=\"elementor-field-label elementor-screen-only\">\n\t\t\t\t\t\t\t\tT\u00f6lvup\u00f3stur\t\t\t\t\t\t\t<\/label>\n\t\t\t\t\t\t\t\t\t\t\t\t\t\t<input size=\"1\" type=\"email\" name=\"form_fields[email]\" id=\"form-field-email\" class=\"elementor-field elementor-size-md  elementor-field-textual\" placeholder=\"T\u00f6lvup\u00f3stur\" required=\"required\">\n\t\t\t\t\t\t\t\t\t\t\t<\/div>\n\t\t\t\t\t\t\t\t<div class=\"elementor-field-type-text elementor-field-group elementor-column elementor-field-group-field_5665823 elementor-col-100\">\n\t\t\t\t\t\t\t\t\t\t\t\t<label for=\"form-field-field_5665823\" class=\"elementor-field-label elementor-screen-only\">\n\t\t\t\t\t\t\t\tNafn\t\t\t\t\t\t\t<\/label>\n\t\t\t\t\t\t\t\t\t\t\t\t\t\t<input size=\"1\" type=\"text\" name=\"form_fields[field_5665823]\" id=\"form-field-field_5665823\" class=\"elementor-field elementor-size-md  elementor-field-textual\" placeholder=\"Nafn\">\n\t\t\t\t\t\t\t\t\t\t\t<\/div>\n\t\t\t\t\t\t\t\t<div class=\"elementor-field-group elementor-column elementor-field-type-submit elementor-col-100 e-form__buttons\">\n\t\t\t\t\t<button class=\"elementor-button elementor-size-md\" type=\"submit\">\n\t\t\t\t\t\t<span class=\"elementor-button-content-wrapper\">\n\t\t\t\t\t\t\t\t\t\t\t\t\t\t\t\t\t\t\t\t\t\t<span class=\"elementor-button-text\">Skr\u00e1 mig \u00e1 p\u00f3stlista<\/span>\n\t\t\t\t\t\t\t\t\t\t\t\t\t<\/span>\n\t\t\t\t\t<\/button>\n\t\t\t\t<\/div>\n\t\t\t<\/div>\n\t\t<\/form>\n\t\t\t\t\t\t<\/div>\n\t\t\t\t<\/div>\n\t\t\t\t<div class=\"elementor-element elementor-element-3a9d7c6 elementor-align-center elementor-widget elementor-widget-button\" data-id=\"3a9d7c6\" data-element_type=\"widget\" data-widget_type=\"button.default\">\n\t\t\t\t<div class=\"elementor-widget-container\">\n\t\t\t\t\t\t\t\t\t<div class=\"elementor-button-wrapper\">\n\t\t\t\t\t<a class=\"elementor-button elementor-button-link elementor-size-sm\" href=\"#elementor-action%3Aaction%3Dpopup%3Aclose%26settings%3DeyJkb19ub3Rfc2hvd19hZ2FpbiI6IiJ9\">\n\t\t\t\t\t\t<span class=\"elementor-button-content-wrapper\">\n\t\t\t\t\t\t\t\t\t<span class=\"elementor-button-text\">Nei takk.<\/span>\n\t\t\t\t\t<\/span>\n\t\t\t\t\t<\/a>\n\t\t\t\t<\/div>\n\t\t\t\t\t\t\t\t<\/div>\n\t\t\t\t<\/div>\n\t\t\t\t\t<\/div>\n\t\t<\/div>\n\t\t\t\t\t<\/div>\n\t\t<\/section>\n\t\t\t\t<\/div>\n\t\t","protected":false},"excerpt":{"rendered":"<p>Skr\u00e1\u00f0u \u00feig \u00e1 p\u00f3stlista Nafn* Netfang* Efni* Skilabo\u00f0 \u00fe\u00edn* Senda skilabo\u00f0 Nei takk.<\/p>\n","protected":false},"author":2,"featured_media":0,"parent":0,"menu_order":0,"comment_status":"closed","ping_status":"closed","template":"","meta":{"footnotes":""},"class_list":["post-1987","page","type-page","status-publish","hentry"],"yoast_head":"<!-- This site is optimized with the Yoast SEO plugin v26.4 - https:\/\/yoast.com\/wordpress\/plugins\/seo\/ -->\n<title>SKR\u00c1\u00d0U \u00deIG - Terraforming LIFE<\/title>\n<meta name=\"robots\" content=\"index, follow, max-snippet:-1, max-image-preview:large, max-video-preview:-1\" \/>\n<link rel=\"canonical\" href=\"https:\/\/terraforming.is\/is\/skradu-thig\/\" \/>\n<meta property=\"og:locale\" content=\"is_IS\" \/>\n<meta property=\"og:type\" content=\"article\" \/>\n<meta property=\"og:title\" content=\"SKR\u00c1\u00d0U \u00deIG - Terraforming LIFE\" \/>\n<meta property=\"og:description\" content=\"Skr\u00e1\u00f0u \u00feig \u00e1 p\u00f3stlista Nafn* Netfang* Efni* Skilabo\u00f0 \u00fe\u00edn* Senda skilabo\u00f0 Nei takk.\" \/>\n<meta property=\"og:url\" content=\"https:\/\/terraforming.is\/is\/skradu-thig\/\" \/>\n<meta property=\"og:site_name\" content=\"Terraforming LIFE\" \/>\n<meta property=\"article:modified_time\" content=\"2025-12-01T22:39:26+00:00\" \/>\n<meta property=\"og:image\" content=\"https:\/\/terraforming.is\/wp-content\/uploads\/2023\/10\/Terraforming-LIFE-logo-400x400-1.png\" \/>\n\t<meta property=\"og:image:width\" content=\"400\" \/>\n\t<meta property=\"og:image:height\" content=\"400\" \/>\n\t<meta property=\"og:image:type\" content=\"image\/png\" \/>\n<meta name=\"twitter:card\" content=\"summary_large_image\" \/>\n<script type=\"application\/ld+json\" class=\"yoast-schema-graph\">{\"@context\":\"https:\/\/schema.org\",\"@graph\":[{\"@type\":\"WebPage\",\"@id\":\"https:\/\/terraforming.is\/is\/skradu-thig\/\",\"url\":\"https:\/\/terraforming.is\/is\/skradu-thig\/\",\"name\":\"SKR\u00c1\u00d0U \u00deIG - Terraforming LIFE\",\"isPartOf\":{\"@id\":\"https:\/\/terraforming.is\/#website\"},\"primaryImageOfPage\":{\"@id\":\"https:\/\/terraforming.is\/is\/skradu-thig\/#primaryimage\"},\"image\":{\"@id\":\"https:\/\/terraforming.is\/is\/skradu-thig\/#primaryimage\"},\"thumbnailUrl\":\"https:\/\/terraforming.is\/wp-content\/uploads\/2023\/10\/Terraforming-LIFE-logo-400x400-1.png\",\"datePublished\":\"2023-12-19T12:10:58+00:00\",\"dateModified\":\"2025-12-01T22:39:26+00:00\",\"breadcrumb\":{\"@id\":\"https:\/\/terraforming.is\/is\/skradu-thig\/#breadcrumb\"},\"inLanguage\":\"is\",\"potentialAction\":[{\"@type\":\"ReadAction\",\"target\":[\"https:\/\/terraforming.is\/is\/skradu-thig\/\"]}]},{\"@type\":\"ImageObject\",\"inLanguage\":\"is\",\"@id\":\"https:\/\/terraforming.is\/is\/skradu-thig\/#primaryimage\",\"url\":\"https:\/\/terraforming.is\/wp-content\/uploads\/2023\/10\/Terraforming-LIFE-logo-400x400-1.png\",\"contentUrl\":\"https:\/\/terraforming.is\/wp-content\/uploads\/2023\/10\/Terraforming-LIFE-logo-400x400-1.png\"},{\"@type\":\"BreadcrumbList\",\"@id\":\"https:\/\/terraforming.is\/is\/skradu-thig\/#breadcrumb\",\"itemListElement\":[{\"@type\":\"ListItem\",\"position\":1,\"name\":\"Home\",\"item\":\"https:\/\/terraforming.is\/is\/upphafssida\/\"},{\"@type\":\"ListItem\",\"position\":2,\"name\":\"SKR\u00c1\u00d0U \u00deIG\"}]},{\"@type\":\"WebSite\",\"@id\":\"https:\/\/terraforming.is\/#website\",\"url\":\"https:\/\/terraforming.is\/\",\"name\":\"Terraforming LIFE\",\"description\":\"Super food for mother nature\",\"publisher\":{\"@id\":\"https:\/\/terraforming.is\/#organization\"},\"potentialAction\":[{\"@type\":\"SearchAction\",\"target\":{\"@type\":\"EntryPoint\",\"urlTemplate\":\"https:\/\/terraforming.is\/?s={search_term_string}\"},\"query-input\":{\"@type\":\"PropertyValueSpecification\",\"valueRequired\":true,\"valueName\":\"search_term_string\"}}],\"inLanguage\":\"is\"},{\"@type\":\"Organization\",\"@id\":\"https:\/\/terraforming.is\/#organization\",\"name\":\"Terraforming LIFE\",\"url\":\"https:\/\/terraforming.is\/\",\"logo\":{\"@type\":\"ImageObject\",\"inLanguage\":\"is\",\"@id\":\"https:\/\/terraforming.is\/#\/schema\/logo\/image\/\",\"url\":\"https:\/\/terraforming.is\/wp-content\/uploads\/2023\/09\/terraformingLife_banner-600x141-1.png\",\"contentUrl\":\"https:\/\/terraforming.is\/wp-content\/uploads\/2023\/09\/terraformingLife_banner-600x141-1.png\",\"width\":600,\"height\":141,\"caption\":\"Terraforming LIFE\"},\"image\":{\"@id\":\"https:\/\/terraforming.is\/#\/schema\/logo\/image\/\"}}]}<\/script>\n<!-- \/ Yoast SEO plugin. -->","yoast_head_json":{"title":"SKR\u00c1\u00d0U \u00deIG - Terraforming LIFE","robots":{"index":"index","follow":"follow","max-snippet":"max-snippet:-1","max-image-preview":"max-image-preview:large","max-video-preview":"max-video-preview:-1"},"canonical":"https:\/\/terraforming.is\/is\/skradu-thig\/","og_locale":"is_IS","og_type":"article","og_title":"SKR\u00c1\u00d0U \u00deIG - Terraforming LIFE","og_description":"Skr\u00e1\u00f0u \u00feig \u00e1 p\u00f3stlista Nafn* Netfang* Efni* Skilabo\u00f0 \u00fe\u00edn* Senda skilabo\u00f0 Nei takk.","og_url":"https:\/\/terraforming.is\/is\/skradu-thig\/","og_site_name":"Terraforming LIFE","article_modified_time":"2025-12-01T22:39:26+00:00","og_image":[{"width":400,"height":400,"url":"https:\/\/terraforming.is\/wp-content\/uploads\/2023\/10\/Terraforming-LIFE-logo-400x400-1.png","type":"image\/png"}],"twitter_card":"summary_large_image","schema":{"@context":"https:\/\/schema.org","@graph":[{"@type":"WebPage","@id":"https:\/\/terraforming.is\/is\/skradu-thig\/","url":"https:\/\/terraforming.is\/is\/skradu-thig\/","name":"SKR\u00c1\u00d0U \u00deIG - Terraforming LIFE","isPartOf":{"@id":"https:\/\/terraforming.is\/#website"},"primaryImageOfPage":{"@id":"https:\/\/terraforming.is\/is\/skradu-thig\/#primaryimage"},"image":{"@id":"https:\/\/terraforming.is\/is\/skradu-thig\/#primaryimage"},"thumbnailUrl":"https:\/\/terraforming.is\/wp-content\/uploads\/2023\/10\/Terraforming-LIFE-logo-400x400-1.png","datePublished":"2023-12-19T12:10:58+00:00","dateModified":"2025-12-01T22:39:26+00:00","breadcrumb":{"@id":"https:\/\/terraforming.is\/is\/skradu-thig\/#breadcrumb"},"inLanguage":"is","potentialAction":[{"@type":"ReadAction","target":["https:\/\/terraforming.is\/is\/skradu-thig\/"]}]},{"@type":"ImageObject","inLanguage":"is","@id":"https:\/\/terraforming.is\/is\/skradu-thig\/#primaryimage","url":"https:\/\/terraforming.is\/wp-content\/uploads\/2023\/10\/Terraforming-LIFE-logo-400x400-1.png","contentUrl":"https:\/\/terraforming.is\/wp-content\/uploads\/2023\/10\/Terraforming-LIFE-logo-400x400-1.png"},{"@type":"BreadcrumbList","@id":"https:\/\/terraforming.is\/is\/skradu-thig\/#breadcrumb","itemListElement":[{"@type":"ListItem","position":1,"name":"Home","item":"https:\/\/terraforming.is\/is\/upphafssida\/"},{"@type":"ListItem","position":2,"name":"SKR\u00c1\u00d0U \u00deIG"}]},{"@type":"WebSite","@id":"https:\/\/terraforming.is\/#website","url":"https:\/\/terraforming.is\/","name":"Terraforming LIFE","description":"Super food for mother nature","publisher":{"@id":"https:\/\/terraforming.is\/#organization"},"potentialAction":[{"@type":"SearchAction","target":{"@type":"EntryPoint","urlTemplate":"https:\/\/terraforming.is\/?s={search_term_string}"},"query-input":{"@type":"PropertyValueSpecification","valueRequired":true,"valueName":"search_term_string"}}],"inLanguage":"is"},{"@type":"Organization","@id":"https:\/\/terraforming.is\/#organization","name":"Terraforming LIFE","url":"https:\/\/terraforming.is\/","logo":{"@type":"ImageObject","inLanguage":"is","@id":"https:\/\/terraforming.is\/#\/schema\/logo\/image\/","url":"https:\/\/terraforming.is\/wp-content\/uploads\/2023\/09\/terraformingLife_banner-600x141-1.png","contentUrl":"https:\/\/terraforming.is\/wp-content\/uploads\/2023\/09\/terraformingLife_banner-600x141-1.png","width":600,"height":141,"caption":"Terraforming LIFE"},"image":{"@id":"https:\/\/terraforming.is\/#\/schema\/logo\/image\/"}}]}},"_links":{"self":[{"href":"https:\/\/terraforming.is\/is\/wp-json\/wp\/v2\/pages\/1987","targetHints":{"allow":["GET"]}}],"collection":[{"href":"https:\/\/terraforming.is\/is\/wp-json\/wp\/v2\/pages"}],"about":[{"href":"https:\/\/terraforming.is\/is\/wp-json\/wp\/v2\/types\/page"}],"author":[{"embeddable":true,"href":"https:\/\/terraforming.is\/is\/wp-json\/wp\/v2\/users\/2"}],"replies":[{"embeddable":true,"href":"https:\/\/terraforming.is\/is\/wp-json\/wp\/v2\/comments?post=1987"}],"version-history":[{"count":8,"href":"https:\/\/terraforming.is\/is\/wp-json\/wp\/v2\/pages\/1987\/revisions"}],"predecessor-version":[{"id":2197,"href":"https:\/\/terraforming.is\/is\/wp-json\/wp\/v2\/pages\/1987\/revisions\/2197"}],"wp:attachment":[{"href":"https:\/\/terraforming.is\/is\/wp-json\/wp\/v2\/media?parent=1987"}],"curies":[{"name":"wp","href":"https:\/\/api.w.org\/{rel}","templated":true}]}}