{"id":1897,"date":"2023-10-30T09:21:58","date_gmt":"2023-10-30T09:21:58","guid":{"rendered":"https:\/\/terraforming.is\/frettir\/"},"modified":"2025-11-28T11:37:23","modified_gmt":"2025-11-28T11:37:23","slug":"frettir","status":"publish","type":"page","link":"https:\/\/terraforming.is\/is\/frettir\/","title":{"rendered":"FR\u00c9TTIR"},"content":{"rendered":"\t\t<div data-elementor-type=\"wp-page\" data-elementor-id=\"1897\" class=\"elementor elementor-1897 elementor-355\" data-elementor-settings=\"{&quot;element_pack_global_tooltip_width&quot;:{&quot;unit&quot;:&quot;px&quot;,&quot;size&quot;:&quot;&quot;,&quot;sizes&quot;:[]},&quot;element_pack_global_tooltip_width_tablet&quot;:{&quot;unit&quot;:&quot;px&quot;,&quot;size&quot;:&quot;&quot;,&quot;sizes&quot;:[]},&quot;element_pack_global_tooltip_width_mobile&quot;:{&quot;unit&quot;:&quot;px&quot;,&quot;size&quot;:&quot;&quot;,&quot;sizes&quot;:[]},&quot;element_pack_global_tooltip_padding&quot;:{&quot;unit&quot;:&quot;px&quot;,&quot;top&quot;:&quot;&quot;,&quot;right&quot;:&quot;&quot;,&quot;bottom&quot;:&quot;&quot;,&quot;left&quot;:&quot;&quot;,&quot;isLinked&quot;:true},&quot;element_pack_global_tooltip_padding_tablet&quot;:{&quot;unit&quot;:&quot;px&quot;,&quot;top&quot;:&quot;&quot;,&quot;right&quot;:&quot;&quot;,&quot;bottom&quot;:&quot;&quot;,&quot;left&quot;:&quot;&quot;,&quot;isLinked&quot;:true},&quot;element_pack_global_tooltip_padding_mobile&quot;:{&quot;unit&quot;:&quot;px&quot;,&quot;top&quot;:&quot;&quot;,&quot;right&quot;:&quot;&quot;,&quot;bottom&quot;:&quot;&quot;,&quot;left&quot;:&quot;&quot;,&quot;isLinked&quot;:true},&quot;element_pack_global_tooltip_border_radius&quot;:{&quot;unit&quot;:&quot;px&quot;,&quot;top&quot;:&quot;&quot;,&quot;right&quot;:&quot;&quot;,&quot;bottom&quot;:&quot;&quot;,&quot;left&quot;:&quot;&quot;,&quot;isLinked&quot;:true},&quot;element_pack_global_tooltip_border_radius_tablet&quot;:{&quot;unit&quot;:&quot;px&quot;,&quot;top&quot;:&quot;&quot;,&quot;right&quot;:&quot;&quot;,&quot;bottom&quot;:&quot;&quot;,&quot;left&quot;:&quot;&quot;,&quot;isLinked&quot;:true},&quot;element_pack_global_tooltip_border_radius_mobile&quot;:{&quot;unit&quot;:&quot;px&quot;,&quot;top&quot;:&quot;&quot;,&quot;right&quot;:&quot;&quot;,&quot;bottom&quot;:&quot;&quot;,&quot;left&quot;:&quot;&quot;,&quot;isLinked&quot;:true}}\" data-elementor-post-type=\"page\">\n\t\t\t\t\t\t<section class=\"elementor-section elementor-top-section elementor-element elementor-element-08e3a56 elementor-section-height-min-height elementor-section-items-stretch elementor-section-boxed elementor-section-height-default\" data-id=\"08e3a56\" data-element_type=\"section\" data-settings=\"{&quot;background_background&quot;:&quot;classic&quot;,&quot;shape_divider_bottom&quot;:&quot;triangle-asymmetrical&quot;}\">\n\t\t\t\t\t\t\t<div class=\"elementor-background-overlay\"><\/div>\n\t\t\t\t\t\t<div class=\"elementor-shape elementor-shape-bottom\" aria-hidden=\"true\" data-negative=\"false\">\n\t\t\t<svg xmlns=\"http:\/\/www.w3.org\/2000\/svg\" viewBox=\"0 0 1000 100\" preserveAspectRatio=\"none\">\n\t<path class=\"elementor-shape-fill\" d=\"M738,99l262-93V0H0v5.6L738,99z\"\/>\n<\/svg>\t\t<\/div>\n\t\t\t\t\t<div class=\"elementor-container elementor-column-gap-default\">\n\t\t\t\t\t<div class=\"elementor-column elementor-col-100 elementor-top-column elementor-element elementor-element-34d7a70\" data-id=\"34d7a70\" data-element_type=\"column\">\n\t\t\t<div class=\"elementor-widget-wrap elementor-element-populated\">\n\t\t\t\t\t\t<div class=\"elementor-element elementor-element-77d2889 elementor-widget elementor-widget-heading\" data-id=\"77d2889\" data-element_type=\"widget\" data-widget_type=\"heading.default\">\n\t\t\t\t<div class=\"elementor-widget-container\">\n\t\t\t\t\t<h1 class=\"elementor-heading-title elementor-size-default\">Fr\u00e9ttir<\/h1>\t\t\t\t<\/div>\n\t\t\t\t<\/div>\n\t\t\t\t\t<\/div>\n\t\t<\/div>\n\t\t\t\t\t<\/div>\n\t\t<\/section>\n\t\t\t\t<section class=\"elementor-section elementor-top-section elementor-element elementor-element-784ff76 elementor-section-boxed elementor-section-height-default elementor-section-height-default\" data-id=\"784ff76\" data-element_type=\"section\">\n\t\t\t\t\t\t<div class=\"elementor-container elementor-column-gap-default\">\n\t\t\t\t\t<div class=\"elementor-column elementor-col-100 elementor-top-column elementor-element elementor-element-862c5eb\" data-id=\"862c5eb\" data-element_type=\"column\">\n\t\t\t<div class=\"elementor-widget-wrap elementor-element-populated\">\n\t\t\t\t\t\t<div class=\"elementor-element elementor-element-8934f74 elementor-widget elementor-widget-bdt-timeline\" data-id=\"8934f74\" data-element_type=\"widget\" data-widget_type=\"bdt-timeline.default\">\n\t\t\t\t<div class=\"elementor-widget-container\">\n\t\t\t\t\t\t\t\t<div id=\"bdt-timeline-8934f74\" class=\"bdt-timeline bdt-timeline-skin-default bdt-timeline-center bdt-timeline-icon-yes\">\n\t\t\t\t<div class=\"bdt-grid bdt-grid-collapse\">\n\t\t\t\t\t\n\t\t\t\t\t\t<div\n\t\t\t\t\t\t\tclass=\" bdt-width-1-2@m bdt-timeline-item left-part\">\n\n\t\t\t\t\t\t\t<div class=\"bdt-timeline-item-main-wrapper\">\n\t\t\t\t\t\t\t\t\t\t\t\t\t\t\t\t<div class=\"bdt-timeline-line\">\n\t\t\t\t\t\t\t\t\t<span ><\/span>\n\t\t\t\t\t\t\t\t<\/div>\n\t\t\t\t\t\t\t\t\t\t\t\t\t\t\t\t<div class=\"bdt-timeline-item-main-container\">\n\n\t\t\t\t\t\t\t\t\t\t\t<div class=\"bdt-timeline-icon\">\n\t\t\t\t\t\t\t<span>\n\t\t\t\t\t\t\t\t\t\t\t<i class=\"ep-icon-post\" aria-hidden=\"true\"><\/i>\n\t\t\t\t\t\t\t\t\t<\/span>\n\t\t\t\t\t<\/div>\n\t\t\n\t\t\t\t\t\t\t\t\t\t\t<div class=\"bdt-timeline-item-main elementor-repeater-item-\" >\n\t\t\t<span class=\"bdt-timeline-arrow\"><\/span>\n\n\t\t\t\t\t\t<div class=\"bdt-timeline-thumbnail\">\n\t\t\t\t<img decoding=\"async\" src=\"https:\/\/terraforming.is\/wp-content\/uploads\/2026\/03\/1-1024x576.jpg\" alt=\"Terraforming LIFE vekur athygli \u00e1 ManuREsource 2026 \u00ed Hollandi\">\n\t\t\t<\/div>\n\t\t\t\n\t\t\t<div class=\"bdt-timeline-desc bdt-padding\">\n\t\t\t\t\t\t<h4\t\t\tclass=\"bdt-timeline-title\">\n\t\t\t\t\t\t\t<a href=\"https:\/\/terraforming.is\/is\/terraforming-life-a-life-platform-fundi-i-bologna\/\" title=\"Terraforming LIFE vekur athygli \u00e1 ManuREsource 2026 \u00ed Hollandi\">\n\t\t\t\t\tTerraforming LIFE vekur athygli \u00e1 ManuREsource 2026 \u00ed Hollandi\t\t\t\t<\/a>\n\t\t\t\t\t<\/h4>\n\t\t\t\t\t\t\t\t<ul class=\"bdt-timeline-meta bdt-subnav bdt-flex-middle\">\n\n\t\t\t<li class=\"bdt-hidden@m\">31 mars 2026<\/li><li><a href=\"https:\/\/terraforming.is\/is\/category\/frettir\/\" rel=\"category tag\">Fr\u00e9ttir<\/a><\/li>\t\t<\/ul>\n\t\t\t\t\t\t\t\t\t<div class=\"bdt-timeline-excerpt\">\n\t\t\t\t<p>\u00cd byrjun mars t\u00f3ku fulltr\u00faar Ork\u00eddea \u00fe\u00e1tt \u00ed al\u00fej\u00f3\u00f0legu ManuREsource 2026 r\u00e1\u00f0stefnunni sem haldin var<\/p>\n\t\t\t<\/div>\n\t\t\t\t\t\t\t\t\t<a href=\"https:\/\/terraforming.is\/is\/terraforming-life-a-life-platform-fundi-i-bologna\/\" class=\"bdt-timeline-readmore elementor-button elementor-size-sm \">\n\t\t\tLesa meira\n\t\t\t\t\t<\/a>\n\t\t\t\t\t<\/div>\n\t\t<\/div>\n\t\t\n\t\t\t\t\t\t\t\t<\/div>\n\t\t\t\t\t\t\t<\/div>\n\t\t\t\t\t\t<\/div>\n\n\t\t\t\t\t\t\t\t\t\t\t\t\t\t\t<div class=\"bdt-timeline-item bdt-width-1-2@m bdt-visible@m\">\n\t\t\t<div class=\"bdt-timeline-date bdt-text-left\" >\n\t\t\t\t<span>\n\t\t\t\t\t31 mars 2026\t\t\t\t<\/span>\n\t\t\t<\/div>\n\t\t<\/div>\n\t\t\t\t\t\t\t\t\n\t\t\t\t\t\t\t\t\t\t\t\t\t\t<div class=\"bdt-timeline-item bdt-width-1-2@m bdt-visible@m\">\n\t\t\t<div class=\"bdt-timeline-date bdt-text-right\" >\n\t\t\t\t<span>\n\t\t\t\t\t17 desember 2025\t\t\t\t<\/span>\n\t\t\t<\/div>\n\t\t<\/div>\n\t\t\t\t\t\t\t\t\n\t\t\t\t\t\t<div\n\t\t\t\t\t\t\tclass=\" bdt-width-1-2@m bdt-timeline-item right-part\">\n\n\t\t\t\t\t\t\t<div class=\"bdt-timeline-item-main-wrapper\">\n\t\t\t\t\t\t\t\t\t\t\t\t\t\t\t\t<div class=\"bdt-timeline-line\">\n\t\t\t\t\t\t\t\t\t<span ><\/span>\n\t\t\t\t\t\t\t\t<\/div>\n\t\t\t\t\t\t\t\t\t\t\t\t\t\t\t\t<div class=\"bdt-timeline-item-main-container\">\n\n\t\t\t\t\t\t\t\t\t\t\t<div class=\"bdt-timeline-icon bdt-timeline-icon\">\n\t\t\t\t\t\t\t<span>\n\t\t\t\t\t\t\t\t\t\t\t<i class=\"ep-icon-post\" aria-hidden=\"true\"><\/i>\n\t\t\t\t\t\t\t\t\t<\/span>\n\t\t\t\t\t<\/div>\n\t\t\n\t\t\t\t\t\t\t\t\t\t\t<div class=\"bdt-timeline-item-main elementor-repeater-item-\" >\n\t\t\t<span class=\"bdt-timeline-arrow\"><\/span>\n\n\t\t\t\t\t\t<div class=\"bdt-timeline-thumbnail\">\n\t\t\t\t<img decoding=\"async\" src=\"https:\/\/terraforming.is\/wp-content\/uploads\/2025\/12\/1-2-1024x576.jpg\" alt=\"Terraforming LIFE \u00e1 LIFE Platform fundi \u00ed Bologna\">\n\t\t\t<\/div>\n\t\t\t\n\t\t\t<div class=\"bdt-timeline-desc bdt-padding\">\n\t\t\t\t\t\t<h4\t\t\tclass=\"bdt-timeline-title\">\n\t\t\t\t\t\t\t<a href=\"https:\/\/terraforming.is\/is\/umfjollun-um-terraforming-life-i-eu-research-magazine-2\/\" title=\"Terraforming LIFE \u00e1 LIFE Platform fundi \u00ed Bologna\">\n\t\t\t\t\tTerraforming LIFE \u00e1 LIFE Platform fundi \u00ed Bologna\t\t\t\t<\/a>\n\t\t\t\t\t<\/h4>\n\t\t\t\t\t\t\t\t<ul class=\"bdt-timeline-meta bdt-subnav bdt-flex-middle\">\n\n\t\t\t<li class=\"bdt-hidden@m\">17 desember 2025<\/li><li><a href=\"https:\/\/terraforming.is\/is\/category\/frettir\/\" rel=\"category tag\">Fr\u00e9ttir<\/a><\/li>\t\t<\/ul>\n\t\t\t\t\t\t\t\t\t<div class=\"bdt-timeline-excerpt\">\n\t\t\t\t<p>Terraforming LIFE t\u00f3k \u00fe\u00e1tt \u00ed LIFE Platform fundinum \u201eFuture-Proofing Europe\u2019s Agri-Food Sector: Innovation, Resilience, Sustainability,<\/p>\n\t\t\t<\/div>\n\t\t\t\t\t\t\t\t\t<a href=\"https:\/\/terraforming.is\/is\/umfjollun-um-terraforming-life-i-eu-research-magazine-2\/\" class=\"bdt-timeline-readmore elementor-button elementor-size-sm \">\n\t\t\tLesa meira\n\t\t\t\t\t<\/a>\n\t\t\t\t\t<\/div>\n\t\t<\/div>\n\t\t\n\t\t\t\t\t\t\t\t<\/div>\n\t\t\t\t\t\t\t<\/div>\n\t\t\t\t\t\t<\/div>\n\n\t\t\t\t\t\t\n\t\t\t\t\t\n\t\t\t\t\t\t<div\n\t\t\t\t\t\t\tclass=\" bdt-width-1-2@m bdt-timeline-item left-part\">\n\n\t\t\t\t\t\t\t<div class=\"bdt-timeline-item-main-wrapper\">\n\t\t\t\t\t\t\t\t\t\t\t\t\t\t\t\t<div class=\"bdt-timeline-line\">\n\t\t\t\t\t\t\t\t\t<span ><\/span>\n\t\t\t\t\t\t\t\t<\/div>\n\t\t\t\t\t\t\t\t\t\t\t\t\t\t\t\t<div class=\"bdt-timeline-item-main-container\">\n\n\t\t\t\t\t\t\t\t\t\t\t<div class=\"bdt-timeline-icon bdt-timeline-icon bdt-timeline-icon\">\n\t\t\t\t\t\t\t<span>\n\t\t\t\t\t\t\t\t\t\t\t<i class=\"ep-icon-post\" aria-hidden=\"true\"><\/i>\n\t\t\t\t\t\t\t\t\t<\/span>\n\t\t\t\t\t<\/div>\n\t\t\n\t\t\t\t\t\t\t\t\t\t\t<div class=\"bdt-timeline-item-main elementor-repeater-item-\" >\n\t\t\t<span class=\"bdt-timeline-arrow\"><\/span>\n\n\t\t\t\t\t\t<div class=\"bdt-timeline-thumbnail\">\n\t\t\t\t<img decoding=\"async\" src=\"https:\/\/terraforming.is\/wp-content\/uploads\/2025\/10\/Untitled-design-1-1024x576.jpg\" alt=\"Umfj\u00f6llun um Terraforming LIFE \u00ed EU Research Magazine\">\n\t\t\t<\/div>\n\t\t\t\n\t\t\t<div class=\"bdt-timeline-desc bdt-padding\">\n\t\t\t\t\t\t<h4\t\t\tclass=\"bdt-timeline-title\">\n\t\t\t\t\t\t\t<a href=\"https:\/\/terraforming.is\/is\/umfjollun-um-terraforming-life-i-eu-research-magazine\/\" title=\"Umfj\u00f6llun um Terraforming LIFE \u00ed EU Research Magazine\">\n\t\t\t\t\tUmfj\u00f6llun um Terraforming LIFE \u00ed EU Research Magazine\t\t\t\t<\/a>\n\t\t\t\t\t<\/h4>\n\t\t\t\t\t\t\t\t<ul class=\"bdt-timeline-meta bdt-subnav bdt-flex-middle\">\n\n\t\t\t<li class=\"bdt-hidden@m\">27 okt\u00f3ber 2025<\/li><li><a href=\"https:\/\/terraforming.is\/is\/category\/frettir\/\" rel=\"category tag\">Fr\u00e9ttir<\/a><\/li>\t\t<\/ul>\n\t\t\t\t\t\t\t\t\t<div class=\"bdt-timeline-excerpt\">\n\t\t\t\t<p>Terraforming LIFE var til umfj\u00f6llunar \u00ed hausthefti EU Research Magazine.EU Research fjallar um frams\u00e6kin evr\u00f3psk<\/p>\n\t\t\t<\/div>\n\t\t\t\t\t\t\t\t\t<a href=\"https:\/\/terraforming.is\/is\/umfjollun-um-terraforming-life-i-eu-research-magazine\/\" class=\"bdt-timeline-readmore elementor-button elementor-size-sm \">\n\t\t\tLesa meira\n\t\t\t\t\t<\/a>\n\t\t\t\t\t<\/div>\n\t\t<\/div>\n\t\t\n\t\t\t\t\t\t\t\t<\/div>\n\t\t\t\t\t\t\t<\/div>\n\t\t\t\t\t\t<\/div>\n\n\t\t\t\t\t\t\t\t\t\t\t\t\t\t\t<div class=\"bdt-timeline-item bdt-width-1-2@m bdt-visible@m\">\n\t\t\t<div class=\"bdt-timeline-date bdt-text-left\" >\n\t\t\t\t<span>\n\t\t\t\t\t27 okt\u00f3ber 2025\t\t\t\t<\/span>\n\t\t\t<\/div>\n\t\t<\/div>\n\t\t\t\t\t\t\t\t\n\t\t\t\t\t\t\t\t\t\t\t\t\t\t<div class=\"bdt-timeline-item bdt-width-1-2@m bdt-visible@m\">\n\t\t\t<div class=\"bdt-timeline-date bdt-text-right\" >\n\t\t\t\t<span>\n\t\t\t\t\t10 september 2025\t\t\t\t<\/span>\n\t\t\t<\/div>\n\t\t<\/div>\n\t\t\t\t\t\t\t\t\n\t\t\t\t\t\t<div\n\t\t\t\t\t\t\tclass=\" bdt-width-1-2@m bdt-timeline-item right-part\">\n\n\t\t\t\t\t\t\t<div class=\"bdt-timeline-item-main-wrapper\">\n\t\t\t\t\t\t\t\t\t\t\t\t\t\t\t\t<div class=\"bdt-timeline-item-main-container\">\n\n\t\t\t\t\t\t\t\t\t\t\t<div class=\"bdt-timeline-icon bdt-timeline-icon bdt-timeline-icon bdt-timeline-icon\">\n\t\t\t\t\t\t\t<span>\n\t\t\t\t\t\t\t\t\t\t\t<i class=\"ep-icon-post\" aria-hidden=\"true\"><\/i>\n\t\t\t\t\t\t\t\t\t<\/span>\n\t\t\t\t\t<\/div>\n\t\t\n\t\t\t\t\t\t\t\t\t\t\t<div class=\"bdt-timeline-item-main elementor-repeater-item-\" >\n\t\t\t<span class=\"bdt-timeline-arrow\"><\/span>\n\n\t\t\t\t\t\t<div class=\"bdt-timeline-thumbnail\">\n\t\t\t\t<img decoding=\"async\" src=\"https:\/\/terraforming.is\/wp-content\/uploads\/2025\/09\/Untitled-design-2-1024x576.jpg\" alt=\"T\u00edmam\u00f3t \u00ed sj\u00e1lfb\u00e6ru fiskeldi og hringr\u00e1sarhagkerfi \u00e1 \u00cdslandi\">\n\t\t\t<\/div>\n\t\t\t\n\t\t\t<div class=\"bdt-timeline-desc bdt-padding\">\n\t\t\t\t\t\t<h4\t\t\tclass=\"bdt-timeline-title\">\n\t\t\t\t\t\t\t<a href=\"https:\/\/terraforming.is\/is\/timamot-i-sjalfbaeru-fiskeldi-og-hringrasarhagkerfi-a-islandi\/\" title=\"T\u00edmam\u00f3t \u00ed sj\u00e1lfb\u00e6ru fiskeldi og hringr\u00e1sarhagkerfi \u00e1 \u00cdslandi\">\n\t\t\t\t\tT\u00edmam\u00f3t \u00ed sj\u00e1lfb\u00e6ru fiskeldi og hringr\u00e1sarhagkerfi \u00e1 \u00cdslandi\t\t\t\t<\/a>\n\t\t\t\t\t<\/h4>\n\t\t\t\t\t\t\t\t<ul class=\"bdt-timeline-meta bdt-subnav bdt-flex-middle\">\n\n\t\t\t<li class=\"bdt-hidden@m\">10 september 2025<\/li><li><a href=\"https:\/\/terraforming.is\/is\/category\/frettir\/\" rel=\"category tag\">Fr\u00e9ttir<\/a><\/li>\t\t<\/ul>\n\t\t\t\t\t\t\t\t\t<div class=\"bdt-timeline-excerpt\">\n\t\t\t\t<p>\u00dea\u00f0 gle\u00f0ur okkur a\u00f0 greina fr\u00e1 t\u00edmam\u00f3tum sem marka \u00fe\u00e1ttaskil \u00ed sj\u00e1lfb\u00e6rri au\u00f0lindastj\u00f3rnun \u00e1 \u00cdslandi.<\/p>\n\t\t\t<\/div>\n\t\t\t\t\t\t\t\t\t<a href=\"https:\/\/terraforming.is\/is\/timamot-i-sjalfbaeru-fiskeldi-og-hringrasarhagkerfi-a-islandi\/\" class=\"bdt-timeline-readmore elementor-button elementor-size-sm \">\n\t\t\tLesa meira\n\t\t\t\t\t<\/a>\n\t\t\t\t\t<\/div>\n\t\t<\/div>\n\t\t\n\t\t\t\t\t\t\t\t<\/div>\n\t\t\t\t\t\t\t<\/div>\n\t\t\t\t\t\t<\/div>\n\n\t\t\t\t\t\t\n\t\t\t\t\t\t\t\t\t<\/div>\n\t\t\t<\/div>\n\n\t\t\t\t\t\t<\/div>\n\t\t\t\t<\/div>\n\t\t\t\t\t<\/div>\n\t\t<\/div>\n\t\t\t\t\t<\/div>\n\t\t<\/section>\n\t\t\t\t<\/div>\n\t\t","protected":false},"excerpt":{"rendered":"<p>Fr\u00e9ttir<\/p>\n","protected":false},"author":2,"featured_media":0,"parent":0,"menu_order":0,"comment_status":"closed","ping_status":"closed","template":"","meta":{"footnotes":""},"class_list":["post-1897","page","type-page","status-publish","hentry"],"yoast_head":"<!-- This site is optimized with the Yoast SEO plugin v26.4 - https:\/\/yoast.com\/wordpress\/plugins\/seo\/ -->\n<title>FR\u00c9TTIR - Terraforming LIFE<\/title>\n<meta name=\"robots\" content=\"index, follow, max-snippet:-1, max-image-preview:large, max-video-preview:-1\" \/>\n<link rel=\"canonical\" href=\"https:\/\/terraforming.is\/is\/frettir\/\" \/>\n<meta property=\"og:locale\" content=\"is_IS\" \/>\n<meta property=\"og:type\" content=\"article\" \/>\n<meta property=\"og:title\" content=\"FR\u00c9TTIR - Terraforming LIFE\" \/>\n<meta property=\"og:description\" content=\"Fr\u00e9ttir\" \/>\n<meta property=\"og:url\" content=\"https:\/\/terraforming.is\/is\/frettir\/\" \/>\n<meta property=\"og:site_name\" content=\"Terraforming LIFE\" \/>\n<meta property=\"article:modified_time\" content=\"2025-11-28T11:37:23+00:00\" \/>\n<meta name=\"twitter:card\" content=\"summary_large_image\" \/>\n<script type=\"application\/ld+json\" class=\"yoast-schema-graph\">{\"@context\":\"https:\/\/schema.org\",\"@graph\":[{\"@type\":\"WebPage\",\"@id\":\"https:\/\/terraforming.is\/is\/frettir\/\",\"url\":\"https:\/\/terraforming.is\/is\/frettir\/\",\"name\":\"FR\u00c9TTIR - Terraforming LIFE\",\"isPartOf\":{\"@id\":\"https:\/\/terraforming.is\/#website\"},\"datePublished\":\"2023-10-30T09:21:58+00:00\",\"dateModified\":\"2025-11-28T11:37:23+00:00\",\"breadcrumb\":{\"@id\":\"https:\/\/terraforming.is\/is\/frettir\/#breadcrumb\"},\"inLanguage\":\"is\",\"potentialAction\":[{\"@type\":\"ReadAction\",\"target\":[\"https:\/\/terraforming.is\/is\/frettir\/\"]}]},{\"@type\":\"BreadcrumbList\",\"@id\":\"https:\/\/terraforming.is\/is\/frettir\/#breadcrumb\",\"itemListElement\":[{\"@type\":\"ListItem\",\"position\":1,\"name\":\"Home\",\"item\":\"https:\/\/terraforming.is\/is\/upphafssida\/\"},{\"@type\":\"ListItem\",\"position\":2,\"name\":\"FR\u00c9TTIR\"}]},{\"@type\":\"WebSite\",\"@id\":\"https:\/\/terraforming.is\/#website\",\"url\":\"https:\/\/terraforming.is\/\",\"name\":\"Terraforming LIFE\",\"description\":\"Super food for mother nature\",\"publisher\":{\"@id\":\"https:\/\/terraforming.is\/#organization\"},\"potentialAction\":[{\"@type\":\"SearchAction\",\"target\":{\"@type\":\"EntryPoint\",\"urlTemplate\":\"https:\/\/terraforming.is\/?s={search_term_string}\"},\"query-input\":{\"@type\":\"PropertyValueSpecification\",\"valueRequired\":true,\"valueName\":\"search_term_string\"}}],\"inLanguage\":\"is\"},{\"@type\":\"Organization\",\"@id\":\"https:\/\/terraforming.is\/#organization\",\"name\":\"Terraforming LIFE\",\"url\":\"https:\/\/terraforming.is\/\",\"logo\":{\"@type\":\"ImageObject\",\"inLanguage\":\"is\",\"@id\":\"https:\/\/terraforming.is\/#\/schema\/logo\/image\/\",\"url\":\"https:\/\/terraforming.is\/wp-content\/uploads\/2023\/09\/terraformingLife_banner-600x141-1.png\",\"contentUrl\":\"https:\/\/terraforming.is\/wp-content\/uploads\/2023\/09\/terraformingLife_banner-600x141-1.png\",\"width\":600,\"height\":141,\"caption\":\"Terraforming LIFE\"},\"image\":{\"@id\":\"https:\/\/terraforming.is\/#\/schema\/logo\/image\/\"}}]}<\/script>\n<!-- \/ Yoast SEO plugin. -->","yoast_head_json":{"title":"FR\u00c9TTIR - Terraforming LIFE","robots":{"index":"index","follow":"follow","max-snippet":"max-snippet:-1","max-image-preview":"max-image-preview:large","max-video-preview":"max-video-preview:-1"},"canonical":"https:\/\/terraforming.is\/is\/frettir\/","og_locale":"is_IS","og_type":"article","og_title":"FR\u00c9TTIR - Terraforming LIFE","og_description":"Fr\u00e9ttir","og_url":"https:\/\/terraforming.is\/is\/frettir\/","og_site_name":"Terraforming LIFE","article_modified_time":"2025-11-28T11:37:23+00:00","twitter_card":"summary_large_image","schema":{"@context":"https:\/\/schema.org","@graph":[{"@type":"WebPage","@id":"https:\/\/terraforming.is\/is\/frettir\/","url":"https:\/\/terraforming.is\/is\/frettir\/","name":"FR\u00c9TTIR - Terraforming LIFE","isPartOf":{"@id":"https:\/\/terraforming.is\/#website"},"datePublished":"2023-10-30T09:21:58+00:00","dateModified":"2025-11-28T11:37:23+00:00","breadcrumb":{"@id":"https:\/\/terraforming.is\/is\/frettir\/#breadcrumb"},"inLanguage":"is","potentialAction":[{"@type":"ReadAction","target":["https:\/\/terraforming.is\/is\/frettir\/"]}]},{"@type":"BreadcrumbList","@id":"https:\/\/terraforming.is\/is\/frettir\/#breadcrumb","itemListElement":[{"@type":"ListItem","position":1,"name":"Home","item":"https:\/\/terraforming.is\/is\/upphafssida\/"},{"@type":"ListItem","position":2,"name":"FR\u00c9TTIR"}]},{"@type":"WebSite","@id":"https:\/\/terraforming.is\/#website","url":"https:\/\/terraforming.is\/","name":"Terraforming LIFE","description":"Super food for mother nature","publisher":{"@id":"https:\/\/terraforming.is\/#organization"},"potentialAction":[{"@type":"SearchAction","target":{"@type":"EntryPoint","urlTemplate":"https:\/\/terraforming.is\/?s={search_term_string}"},"query-input":{"@type":"PropertyValueSpecification","valueRequired":true,"valueName":"search_term_string"}}],"inLanguage":"is"},{"@type":"Organization","@id":"https:\/\/terraforming.is\/#organization","name":"Terraforming LIFE","url":"https:\/\/terraforming.is\/","logo":{"@type":"ImageObject","inLanguage":"is","@id":"https:\/\/terraforming.is\/#\/schema\/logo\/image\/","url":"https:\/\/terraforming.is\/wp-content\/uploads\/2023\/09\/terraformingLife_banner-600x141-1.png","contentUrl":"https:\/\/terraforming.is\/wp-content\/uploads\/2023\/09\/terraformingLife_banner-600x141-1.png","width":600,"height":141,"caption":"Terraforming LIFE"},"image":{"@id":"https:\/\/terraforming.is\/#\/schema\/logo\/image\/"}}]}},"_links":{"self":[{"href":"https:\/\/terraforming.is\/is\/wp-json\/wp\/v2\/pages\/1897","targetHints":{"allow":["GET"]}}],"collection":[{"href":"https:\/\/terraforming.is\/is\/wp-json\/wp\/v2\/pages"}],"about":[{"href":"https:\/\/terraforming.is\/is\/wp-json\/wp\/v2\/types\/page"}],"author":[{"embeddable":true,"href":"https:\/\/terraforming.is\/is\/wp-json\/wp\/v2\/users\/2"}],"replies":[{"embeddable":true,"href":"https:\/\/terraforming.is\/is\/wp-json\/wp\/v2\/comments?post=1897"}],"version-history":[{"count":10,"href":"https:\/\/terraforming.is\/is\/wp-json\/wp\/v2\/pages\/1897\/revisions"}],"predecessor-version":[{"id":2140,"href":"https:\/\/terraforming.is\/is\/wp-json\/wp\/v2\/pages\/1897\/revisions\/2140"}],"wp:attachment":[{"href":"https:\/\/terraforming.is\/is\/wp-json\/wp\/v2\/media?parent=1897"}],"curies":[{"name":"wp","href":"https:\/\/api.w.org\/{rel}","templated":true}]}}