{"id":1850,"date":"2023-10-30T17:05:10","date_gmt":"2023-10-30T17:05:10","guid":{"rendered":"https:\/\/terraforming.is\/hafa-samband-vid-okkur\/"},"modified":"2025-12-08T11:06:07","modified_gmt":"2025-12-08T11:06:07","slug":"hafa-samband-vid-okkur","status":"publish","type":"page","link":"https:\/\/terraforming.is\/is\/hafa-samband-vid-okkur\/","title":{"rendered":"HAF\u00d0U SAMBAND"},"content":{"rendered":"\t\t<div data-elementor-type=\"wp-page\" data-elementor-id=\"1850\" class=\"elementor elementor-1850 elementor-543\" data-elementor-settings=\"{&quot;element_pack_global_tooltip_width&quot;:{&quot;unit&quot;:&quot;px&quot;,&quot;size&quot;:&quot;&quot;,&quot;sizes&quot;:[]},&quot;element_pack_global_tooltip_width_tablet&quot;:{&quot;unit&quot;:&quot;px&quot;,&quot;size&quot;:&quot;&quot;,&quot;sizes&quot;:[]},&quot;element_pack_global_tooltip_width_mobile&quot;:{&quot;unit&quot;:&quot;px&quot;,&quot;size&quot;:&quot;&quot;,&quot;sizes&quot;:[]},&quot;element_pack_global_tooltip_padding&quot;:{&quot;unit&quot;:&quot;px&quot;,&quot;top&quot;:&quot;&quot;,&quot;right&quot;:&quot;&quot;,&quot;bottom&quot;:&quot;&quot;,&quot;left&quot;:&quot;&quot;,&quot;isLinked&quot;:true},&quot;element_pack_global_tooltip_padding_tablet&quot;:{&quot;unit&quot;:&quot;px&quot;,&quot;top&quot;:&quot;&quot;,&quot;right&quot;:&quot;&quot;,&quot;bottom&quot;:&quot;&quot;,&quot;left&quot;:&quot;&quot;,&quot;isLinked&quot;:true},&quot;element_pack_global_tooltip_padding_mobile&quot;:{&quot;unit&quot;:&quot;px&quot;,&quot;top&quot;:&quot;&quot;,&quot;right&quot;:&quot;&quot;,&quot;bottom&quot;:&quot;&quot;,&quot;left&quot;:&quot;&quot;,&quot;isLinked&quot;:true},&quot;element_pack_global_tooltip_border_radius&quot;:{&quot;unit&quot;:&quot;px&quot;,&quot;top&quot;:&quot;&quot;,&quot;right&quot;:&quot;&quot;,&quot;bottom&quot;:&quot;&quot;,&quot;left&quot;:&quot;&quot;,&quot;isLinked&quot;:true},&quot;element_pack_global_tooltip_border_radius_tablet&quot;:{&quot;unit&quot;:&quot;px&quot;,&quot;top&quot;:&quot;&quot;,&quot;right&quot;:&quot;&quot;,&quot;bottom&quot;:&quot;&quot;,&quot;left&quot;:&quot;&quot;,&quot;isLinked&quot;:true},&quot;element_pack_global_tooltip_border_radius_mobile&quot;:{&quot;unit&quot;:&quot;px&quot;,&quot;top&quot;:&quot;&quot;,&quot;right&quot;:&quot;&quot;,&quot;bottom&quot;:&quot;&quot;,&quot;left&quot;:&quot;&quot;,&quot;isLinked&quot;:true}}\" data-elementor-post-type=\"page\">\n\t\t\t\t\t\t<section class=\"elementor-section elementor-top-section elementor-element elementor-element-d508a12 elementor-section-height-min-height elementor-section-items-stretch elementor-section-boxed elementor-section-height-default\" data-id=\"d508a12\" data-element_type=\"section\" data-settings=\"{&quot;background_background&quot;:&quot;classic&quot;,&quot;shape_divider_bottom&quot;:&quot;triangle-asymmetrical&quot;}\">\n\t\t\t\t\t\t\t<div class=\"elementor-background-overlay\"><\/div>\n\t\t\t\t\t\t<div class=\"elementor-shape elementor-shape-bottom\" aria-hidden=\"true\" data-negative=\"false\">\n\t\t\t<svg xmlns=\"http:\/\/www.w3.org\/2000\/svg\" viewBox=\"0 0 1000 100\" preserveAspectRatio=\"none\">\n\t<path class=\"elementor-shape-fill\" d=\"M738,99l262-93V0H0v5.6L738,99z\"\/>\n<\/svg>\t\t<\/div>\n\t\t\t\t\t<div class=\"elementor-container elementor-column-gap-default\">\n\t\t\t\t\t<div class=\"elementor-column elementor-col-100 elementor-top-column elementor-element elementor-element-30372f8\" data-id=\"30372f8\" data-element_type=\"column\">\n\t\t\t<div class=\"elementor-widget-wrap elementor-element-populated\">\n\t\t\t\t\t\t<div class=\"elementor-element elementor-element-68b04f1 elementor-widget elementor-widget-heading\" data-id=\"68b04f1\" data-element_type=\"widget\" data-widget_type=\"heading.default\">\n\t\t\t\t<div class=\"elementor-widget-container\">\n\t\t\t\t\t<h1 class=\"elementor-heading-title elementor-size-default\">Haf\u00f0u samband<\/h1>\t\t\t\t<\/div>\n\t\t\t\t<\/div>\n\t\t\t\t\t<\/div>\n\t\t<\/div>\n\t\t\t\t\t<\/div>\n\t\t<\/section>\n\t\t\t\t<section class=\"elementor-section elementor-top-section elementor-element elementor-element-1ee7702 elementor-section-boxed elementor-section-height-default elementor-section-height-default\" data-id=\"1ee7702\" data-element_type=\"section\">\n\t\t\t\t\t\t<div class=\"elementor-container elementor-column-gap-default\">\n\t\t\t\t\t<div class=\"elementor-column elementor-col-50 elementor-top-column elementor-element elementor-element-7b597f7\" data-id=\"7b597f7\" data-element_type=\"column\">\n\t\t\t<div class=\"elementor-widget-wrap elementor-element-populated\">\n\t\t\t\t\t\t<div class=\"elementor-element elementor-element-692d502 elementor-widget elementor-widget-image\" data-id=\"692d502\" data-element_type=\"widget\" data-widget_type=\"image.default\">\n\t\t\t\t<div class=\"elementor-widget-container\">\n\t\t\t\t\t\t\t\t\t\t\t\t\t\t\t<img fetchpriority=\"high\" decoding=\"async\" width=\"400\" height=\"400\" src=\"https:\/\/terraforming.is\/wp-content\/uploads\/2023\/10\/Terraforming-LIFE-logo-400x400-1.png\" class=\"attachment-large size-large wp-image-1245\" alt=\"\" srcset=\"https:\/\/terraforming.is\/wp-content\/uploads\/2023\/10\/Terraforming-LIFE-logo-400x400-1.png 400w, https:\/\/terraforming.is\/wp-content\/uploads\/2023\/10\/Terraforming-LIFE-logo-400x400-1-300x300.png 300w, https:\/\/terraforming.is\/wp-content\/uploads\/2023\/10\/Terraforming-LIFE-logo-400x400-1-150x150.png 150w\" sizes=\"(max-width: 400px) 100vw, 400px\" \/>\t\t\t\t\t\t\t\t\t\t\t\t\t\t\t<\/div>\n\t\t\t\t<\/div>\n\t\t\t\t\t<\/div>\n\t\t<\/div>\n\t\t\t\t<div class=\"elementor-column elementor-col-50 elementor-top-column elementor-element elementor-element-d24bb2c\" data-id=\"d24bb2c\" data-element_type=\"column\">\n\t\t\t<div class=\"elementor-widget-wrap elementor-element-populated\">\n\t\t\t\t\t\t<div class=\"elementor-element elementor-element-2ae3c3e elementor-button-align-start elementor-widget elementor-widget-form\" data-id=\"2ae3c3e\" data-element_type=\"widget\" data-settings=\"{&quot;step_next_label&quot;:&quot;N\\u00e6st&quot;,&quot;step_previous_label&quot;:&quot;\\u00c1 undan&quot;,&quot;button_width&quot;:&quot;100&quot;,&quot;step_type&quot;:&quot;number_text&quot;,&quot;step_icon_shape&quot;:&quot;circle&quot;}\" data-widget_type=\"form.default\">\n\t\t\t\t<div class=\"elementor-widget-container\">\n\t\t\t\t\t\t\t<form class=\"elementor-form\" method=\"post\" name=\"N\u00fdtt ey\u00f0ubla\u00f0\" aria-label=\"N\u00fdtt ey\u00f0ubla\u00f0\">\n\t\t\t<input type=\"hidden\" name=\"post_id\" value=\"1850\"\/>\n\t\t\t<input type=\"hidden\" name=\"form_id\" value=\"2ae3c3e\"\/>\n\t\t\t<input type=\"hidden\" name=\"referer_title\" value=\"HAF\u00d0U SAMBAND - Terraforming LIFE\" \/>\n\n\t\t\t\t\t\t\t<input type=\"hidden\" name=\"queried_id\" value=\"1850\"\/>\n\t\t\t\n\t\t\t<div class=\"elementor-form-fields-wrapper elementor-labels-above\">\n\t\t\t\t\t\t\t\t<div class=\"elementor-field-type-text elementor-field-group elementor-column elementor-field-group-name elementor-col-100 elementor-field-required\">\n\t\t\t\t\t\t\t\t\t\t\t\t<label for=\"form-field-name\" class=\"elementor-field-label\">\n\t\t\t\t\t\t\t\tNafn\t\t\t\t\t\t\t<\/label>\n\t\t\t\t\t\t\t\t\t\t\t\t\t\t<input size=\"1\" type=\"text\" name=\"form_fields[name]\" id=\"form-field-name\" class=\"elementor-field elementor-size-sm  elementor-field-textual\" placeholder=\"Fullt nafn\" required=\"required\">\n\t\t\t\t\t\t\t\t\t\t\t<\/div>\n\t\t\t\t\t\t\t\t<div class=\"elementor-field-type-email elementor-field-group elementor-column elementor-field-group-email elementor-col-100 elementor-field-required\">\n\t\t\t\t\t\t\t\t\t\t\t\t<label for=\"form-field-email\" class=\"elementor-field-label\">\n\t\t\t\t\t\t\t\tT\u00f6lvup\u00f3stur\t\t\t\t\t\t\t<\/label>\n\t\t\t\t\t\t\t\t\t\t\t\t\t\t<input size=\"1\" type=\"email\" name=\"form_fields[email]\" id=\"form-field-email\" class=\"elementor-field elementor-size-sm  elementor-field-textual\" placeholder=\"Netfangi\u00f0 \u00feitt\" required=\"required\">\n\t\t\t\t\t\t\t\t\t\t\t<\/div>\n\t\t\t\t\t\t\t\t<div class=\"elementor-field-type-textarea elementor-field-group elementor-column elementor-field-group-field_3ae6775 elementor-col-100 elementor-field-required\">\n\t\t\t\t\t\t\t\t\t\t\t\t<label for=\"form-field-field_3ae6775\" class=\"elementor-field-label\">\n\t\t\t\t\t\t\t\tErindi\t\t\t\t\t\t\t<\/label>\n\t\t\t\t\t\t<textarea class=\"elementor-field-textual elementor-field  elementor-size-sm\" name=\"form_fields[field_3ae6775]\" id=\"form-field-field_3ae6775\" rows=\"4\" placeholder=\"Erindi\u00f0 \u00feitt\" required=\"required\"><\/textarea>\t\t\t\t<\/div>\n\t\t\t\t\t\t\t\t<div class=\"elementor-field-type-textarea elementor-field-group elementor-column elementor-field-group-message elementor-col-100 elementor-field-required\">\n\t\t\t\t\t\t\t\t\t\t\t\t<label for=\"form-field-message\" class=\"elementor-field-label\">\n\t\t\t\t\t\t\t\tSkilabo\u00f0\t\t\t\t\t\t\t<\/label>\n\t\t\t\t\t\t<textarea class=\"elementor-field-textual elementor-field  elementor-size-sm\" name=\"form_fields[message]\" id=\"form-field-message\" rows=\"4\" placeholder=\"Skilabo\u00f0in \u00fe\u00edn\" required=\"required\"><\/textarea>\t\t\t\t<\/div>\n\t\t\t\t\t\t\t\t<div class=\"elementor-field-type-recaptcha_v3 elementor-field-group elementor-column elementor-field-group-field_b84fdcb elementor-col-100 recaptcha_v3-inline\">\n\t\t\t\t\t<div class=\"elementor-field\" id=\"form-field-field_b84fdcb\"><div class=\"elementor-g-recaptcha\" data-sitekey=\"6LenlQ4rAAAAAEI0zSYk3bujnEqjwj_obGccimET\" data-type=\"v3\" data-action=\"Form\" data-badge=\"inline\" data-size=\"invisible\"><\/div><\/div>\t\t\t\t<\/div>\n\t\t\t\t\t\t\t\t<div class=\"elementor-field-type-text\">\n\t\t\t\t\t<input size=\"1\" type=\"text\" name=\"form_fields[field_2f5a635]\" id=\"form-field-field_2f5a635\" class=\"elementor-field elementor-size-sm \" style=\"display:none !important;\">\t\t\t\t<\/div>\n\t\t\t\t\t\t\t\t<div class=\"elementor-field-group elementor-column elementor-field-type-submit elementor-col-100 e-form__buttons\">\n\t\t\t\t\t<button class=\"elementor-button elementor-size-sm\" type=\"submit\">\n\t\t\t\t\t\t<span class=\"elementor-button-content-wrapper\">\n\t\t\t\t\t\t\t\t\t\t\t\t\t\t\t\t\t\t\t\t\t\t<span class=\"elementor-button-text\">Senda skilabo\u00f0<\/span>\n\t\t\t\t\t\t\t\t\t\t\t\t\t<\/span>\n\t\t\t\t\t<\/button>\n\t\t\t\t<\/div>\n\t\t\t<\/div>\n\t\t<\/form>\n\t\t\t\t\t\t<\/div>\n\t\t\t\t<\/div>\n\t\t\t\t\t<\/div>\n\t\t<\/div>\n\t\t\t\t\t<\/div>\n\t\t<\/section>\n\t\t\t\t<section class=\"elementor-section elementor-top-section elementor-element elementor-element-6e0eaea elementor-section-boxed elementor-section-height-default elementor-section-height-default\" data-id=\"6e0eaea\" data-element_type=\"section\">\n\t\t\t\t\t\t<div class=\"elementor-container elementor-column-gap-default\">\n\t\t\t\t\t<div class=\"elementor-column elementor-col-100 elementor-top-column elementor-element elementor-element-25df3ee\" data-id=\"25df3ee\" data-element_type=\"column\">\n\t\t\t<div class=\"elementor-widget-wrap elementor-element-populated\">\n\t\t\t\t\t\t<div class=\"elementor-element elementor-element-bd1e9cc elementor-widget-divider--view-line elementor-widget elementor-widget-divider\" data-id=\"bd1e9cc\" data-element_type=\"widget\" data-widget_type=\"divider.default\">\n\t\t\t\t<div class=\"elementor-widget-container\">\n\t\t\t\t\t\t\t<div class=\"elementor-divider\">\n\t\t\t<span class=\"elementor-divider-separator\">\n\t\t\t\t\t\t<\/span>\n\t\t<\/div>\n\t\t\t\t\t\t<\/div>\n\t\t\t\t<\/div>\n\t\t\t\t\t<\/div>\n\t\t<\/div>\n\t\t\t\t\t<\/div>\n\t\t<\/section>\n\t\t\t\t<section class=\"elementor-section elementor-top-section elementor-element elementor-element-38507cec elementor-section-boxed elementor-section-height-default elementor-section-height-default\" data-id=\"38507cec\" data-element_type=\"section\" data-settings=\"{&quot;background_background&quot;:&quot;classic&quot;}\">\n\t\t\t\t\t\t<div class=\"elementor-container elementor-column-gap-default\">\n\t\t\t\t\t<div class=\"elementor-column elementor-col-100 elementor-top-column elementor-element elementor-element-15b1b115\" data-id=\"15b1b115\" data-element_type=\"column\">\n\t\t\t<div class=\"elementor-widget-wrap elementor-element-populated\">\n\t\t\t\t\t\t<div class=\"elementor-element elementor-element-5d16ee70 elementor-widget elementor-widget-heading\" data-id=\"5d16ee70\" data-element_type=\"widget\" data-widget_type=\"heading.default\">\n\t\t\t\t<div class=\"elementor-widget-container\">\n\t\t\t\t\t<h4 class=\"elementor-heading-title elementor-size-default\">Fylgstu me\u00f0 fr\u00e9ttum!<\/h4>\t\t\t\t<\/div>\n\t\t\t\t<\/div>\n\t\t\t\t<div class=\"elementor-element elementor-element-2bc8c1e9 elementor-invisible elementor-widget elementor-widget-heading\" data-id=\"2bc8c1e9\" data-element_type=\"widget\" data-settings=\"{&quot;_animation&quot;:&quot;slideInUp&quot;}\" data-widget_type=\"heading.default\">\n\t\t\t\t<div class=\"elementor-widget-container\">\n\t\t\t\t\t<h1 class=\"elementor-heading-title elementor-size-default\">Viltu fr\u00e1 fr\u00e9ttir af \u00fer\u00f3un Terraforming LIFE?<\/h1>\t\t\t\t<\/div>\n\t\t\t\t<\/div>\n\t\t\t\t<div class=\"elementor-element elementor-element-3362bfd4 elementor-widget elementor-widget-text-editor\" data-id=\"3362bfd4\" data-element_type=\"widget\" data-widget_type=\"text-editor.default\">\n\t\t\t\t<div class=\"elementor-widget-container\">\n\t\t\t\t\t\t\t\t\t<p>Skr\u00e1\u00f0u \u00feig \u00e1 p\u00f3stlistann okkar.<\/p>\t\t\t\t\t\t\t\t<\/div>\n\t\t\t\t<\/div>\n\t\t\t\t<div class=\"elementor-element elementor-element-46dffd3a elementor-widget-divider--view-line elementor-widget elementor-widget-divider\" data-id=\"46dffd3a\" data-element_type=\"widget\" data-widget_type=\"divider.default\">\n\t\t\t\t<div class=\"elementor-widget-container\">\n\t\t\t\t\t\t\t<div class=\"elementor-divider\">\n\t\t\t<span class=\"elementor-divider-separator\">\n\t\t\t\t\t\t<\/span>\n\t\t<\/div>\n\t\t\t\t\t\t<\/div>\n\t\t\t\t<\/div>\n\t\t\t\t<div class=\"elementor-element elementor-element-5e3325e9 elementor-align-center elementor-widget elementor-widget-button\" data-id=\"5e3325e9\" data-element_type=\"widget\" data-widget_type=\"button.default\">\n\t\t\t\t<div class=\"elementor-widget-container\">\n\t\t\t\t\t\t\t\t\t<div class=\"elementor-button-wrapper\">\n\t\t\t\t\t<a class=\"elementor-button elementor-button-link elementor-size-sm\" href=\"https:\/\/terraforming.is\/is\/skradu-thig\/\">\n\t\t\t\t\t\t<span class=\"elementor-button-content-wrapper\">\n\t\t\t\t\t\t\t\t\t<span class=\"elementor-button-text\">Skr\u00e1 mig<\/span>\n\t\t\t\t\t<\/span>\n\t\t\t\t\t<\/a>\n\t\t\t\t<\/div>\n\t\t\t\t\t\t\t\t<\/div>\n\t\t\t\t<\/div>\n\t\t\t\t\t<\/div>\n\t\t<\/div>\n\t\t\t\t\t<\/div>\n\t\t<\/section>\n\t\t\t\t<\/div>\n\t\t","protected":false},"excerpt":{"rendered":"<p>Haf\u00f0u samband Fylgstu me\u00f0 fr\u00e9ttum! Viltu fr\u00e1 fr\u00e9ttir af \u00fer\u00f3un Terraforming LIFE? Skr\u00e1\u00f0u \u00feig \u00e1 p\u00f3stlistann okkar. Skr\u00e1 mig<\/p>\n","protected":false},"author":2,"featured_media":0,"parent":0,"menu_order":0,"comment_status":"closed","ping_status":"closed","template":"","meta":{"footnotes":""},"class_list":["post-1850","page","type-page","status-publish","hentry"],"yoast_head":"<!-- This site is optimized with the Yoast SEO plugin v26.4 - https:\/\/yoast.com\/wordpress\/plugins\/seo\/ -->\n<title>HAF\u00d0U SAMBAND - Terraforming LIFE<\/title>\n<meta name=\"robots\" content=\"index, follow, max-snippet:-1, max-image-preview:large, max-video-preview:-1\" \/>\n<link rel=\"canonical\" href=\"https:\/\/terraforming.is\/is\/hafa-samband-vid-okkur\/\" \/>\n<meta property=\"og:locale\" content=\"is_IS\" \/>\n<meta property=\"og:type\" content=\"article\" \/>\n<meta property=\"og:title\" content=\"HAF\u00d0U SAMBAND - Terraforming LIFE\" \/>\n<meta property=\"og:description\" content=\"Haf\u00f0u samband Fylgstu me\u00f0 fr\u00e9ttum! Viltu fr\u00e1 fr\u00e9ttir af \u00fer\u00f3un Terraforming LIFE? Skr\u00e1\u00f0u \u00feig \u00e1 p\u00f3stlistann okkar. Skr\u00e1 mig\" \/>\n<meta property=\"og:url\" content=\"https:\/\/terraforming.is\/is\/hafa-samband-vid-okkur\/\" \/>\n<meta property=\"og:site_name\" content=\"Terraforming LIFE\" \/>\n<meta property=\"article:modified_time\" content=\"2025-12-08T11:06:07+00:00\" \/>\n<meta property=\"og:image\" content=\"https:\/\/terraforming.is\/wp-content\/uploads\/2023\/10\/Terraforming-LIFE-logo-400x400-1.png\" \/>\n\t<meta property=\"og:image:width\" content=\"400\" \/>\n\t<meta property=\"og:image:height\" content=\"400\" \/>\n\t<meta property=\"og:image:type\" content=\"image\/png\" \/>\n<meta name=\"twitter:card\" content=\"summary_large_image\" \/>\n<script type=\"application\/ld+json\" class=\"yoast-schema-graph\">{\"@context\":\"https:\/\/schema.org\",\"@graph\":[{\"@type\":\"WebPage\",\"@id\":\"https:\/\/terraforming.is\/is\/hafa-samband-vid-okkur\/\",\"url\":\"https:\/\/terraforming.is\/is\/hafa-samband-vid-okkur\/\",\"name\":\"HAF\u00d0U SAMBAND - Terraforming LIFE\",\"isPartOf\":{\"@id\":\"https:\/\/terraforming.is\/#website\"},\"primaryImageOfPage\":{\"@id\":\"https:\/\/terraforming.is\/is\/hafa-samband-vid-okkur\/#primaryimage\"},\"image\":{\"@id\":\"https:\/\/terraforming.is\/is\/hafa-samband-vid-okkur\/#primaryimage\"},\"thumbnailUrl\":\"https:\/\/terraforming.is\/wp-content\/uploads\/2023\/10\/Terraforming-LIFE-logo-400x400-1.png\",\"datePublished\":\"2023-10-30T17:05:10+00:00\",\"dateModified\":\"2025-12-08T11:06:07+00:00\",\"breadcrumb\":{\"@id\":\"https:\/\/terraforming.is\/is\/hafa-samband-vid-okkur\/#breadcrumb\"},\"inLanguage\":\"is\",\"potentialAction\":[{\"@type\":\"ReadAction\",\"target\":[\"https:\/\/terraforming.is\/is\/hafa-samband-vid-okkur\/\"]}]},{\"@type\":\"ImageObject\",\"inLanguage\":\"is\",\"@id\":\"https:\/\/terraforming.is\/is\/hafa-samband-vid-okkur\/#primaryimage\",\"url\":\"https:\/\/terraforming.is\/wp-content\/uploads\/2023\/10\/Terraforming-LIFE-logo-400x400-1.png\",\"contentUrl\":\"https:\/\/terraforming.is\/wp-content\/uploads\/2023\/10\/Terraforming-LIFE-logo-400x400-1.png\"},{\"@type\":\"BreadcrumbList\",\"@id\":\"https:\/\/terraforming.is\/is\/hafa-samband-vid-okkur\/#breadcrumb\",\"itemListElement\":[{\"@type\":\"ListItem\",\"position\":1,\"name\":\"Home\",\"item\":\"https:\/\/terraforming.is\/is\/upphafssida\/\"},{\"@type\":\"ListItem\",\"position\":2,\"name\":\"HAF\u00d0U SAMBAND\"}]},{\"@type\":\"WebSite\",\"@id\":\"https:\/\/terraforming.is\/#website\",\"url\":\"https:\/\/terraforming.is\/\",\"name\":\"Terraforming LIFE\",\"description\":\"Super food for mother nature\",\"publisher\":{\"@id\":\"https:\/\/terraforming.is\/#organization\"},\"potentialAction\":[{\"@type\":\"SearchAction\",\"target\":{\"@type\":\"EntryPoint\",\"urlTemplate\":\"https:\/\/terraforming.is\/?s={search_term_string}\"},\"query-input\":{\"@type\":\"PropertyValueSpecification\",\"valueRequired\":true,\"valueName\":\"search_term_string\"}}],\"inLanguage\":\"is\"},{\"@type\":\"Organization\",\"@id\":\"https:\/\/terraforming.is\/#organization\",\"name\":\"Terraforming LIFE\",\"url\":\"https:\/\/terraforming.is\/\",\"logo\":{\"@type\":\"ImageObject\",\"inLanguage\":\"is\",\"@id\":\"https:\/\/terraforming.is\/#\/schema\/logo\/image\/\",\"url\":\"https:\/\/terraforming.is\/wp-content\/uploads\/2023\/09\/terraformingLife_banner-600x141-1.png\",\"contentUrl\":\"https:\/\/terraforming.is\/wp-content\/uploads\/2023\/09\/terraformingLife_banner-600x141-1.png\",\"width\":600,\"height\":141,\"caption\":\"Terraforming LIFE\"},\"image\":{\"@id\":\"https:\/\/terraforming.is\/#\/schema\/logo\/image\/\"}}]}<\/script>\n<!-- \/ Yoast SEO plugin. -->","yoast_head_json":{"title":"HAF\u00d0U SAMBAND - Terraforming LIFE","robots":{"index":"index","follow":"follow","max-snippet":"max-snippet:-1","max-image-preview":"max-image-preview:large","max-video-preview":"max-video-preview:-1"},"canonical":"https:\/\/terraforming.is\/is\/hafa-samband-vid-okkur\/","og_locale":"is_IS","og_type":"article","og_title":"HAF\u00d0U SAMBAND - Terraforming LIFE","og_description":"Haf\u00f0u samband Fylgstu me\u00f0 fr\u00e9ttum! Viltu fr\u00e1 fr\u00e9ttir af \u00fer\u00f3un Terraforming LIFE? Skr\u00e1\u00f0u \u00feig \u00e1 p\u00f3stlistann okkar. Skr\u00e1 mig","og_url":"https:\/\/terraforming.is\/is\/hafa-samband-vid-okkur\/","og_site_name":"Terraforming LIFE","article_modified_time":"2025-12-08T11:06:07+00:00","og_image":[{"width":400,"height":400,"url":"https:\/\/terraforming.is\/wp-content\/uploads\/2023\/10\/Terraforming-LIFE-logo-400x400-1.png","type":"image\/png"}],"twitter_card":"summary_large_image","schema":{"@context":"https:\/\/schema.org","@graph":[{"@type":"WebPage","@id":"https:\/\/terraforming.is\/is\/hafa-samband-vid-okkur\/","url":"https:\/\/terraforming.is\/is\/hafa-samband-vid-okkur\/","name":"HAF\u00d0U SAMBAND - Terraforming LIFE","isPartOf":{"@id":"https:\/\/terraforming.is\/#website"},"primaryImageOfPage":{"@id":"https:\/\/terraforming.is\/is\/hafa-samband-vid-okkur\/#primaryimage"},"image":{"@id":"https:\/\/terraforming.is\/is\/hafa-samband-vid-okkur\/#primaryimage"},"thumbnailUrl":"https:\/\/terraforming.is\/wp-content\/uploads\/2023\/10\/Terraforming-LIFE-logo-400x400-1.png","datePublished":"2023-10-30T17:05:10+00:00","dateModified":"2025-12-08T11:06:07+00:00","breadcrumb":{"@id":"https:\/\/terraforming.is\/is\/hafa-samband-vid-okkur\/#breadcrumb"},"inLanguage":"is","potentialAction":[{"@type":"ReadAction","target":["https:\/\/terraforming.is\/is\/hafa-samband-vid-okkur\/"]}]},{"@type":"ImageObject","inLanguage":"is","@id":"https:\/\/terraforming.is\/is\/hafa-samband-vid-okkur\/#primaryimage","url":"https:\/\/terraforming.is\/wp-content\/uploads\/2023\/10\/Terraforming-LIFE-logo-400x400-1.png","contentUrl":"https:\/\/terraforming.is\/wp-content\/uploads\/2023\/10\/Terraforming-LIFE-logo-400x400-1.png"},{"@type":"BreadcrumbList","@id":"https:\/\/terraforming.is\/is\/hafa-samband-vid-okkur\/#breadcrumb","itemListElement":[{"@type":"ListItem","position":1,"name":"Home","item":"https:\/\/terraforming.is\/is\/upphafssida\/"},{"@type":"ListItem","position":2,"name":"HAF\u00d0U SAMBAND"}]},{"@type":"WebSite","@id":"https:\/\/terraforming.is\/#website","url":"https:\/\/terraforming.is\/","name":"Terraforming LIFE","description":"Super food for mother nature","publisher":{"@id":"https:\/\/terraforming.is\/#organization"},"potentialAction":[{"@type":"SearchAction","target":{"@type":"EntryPoint","urlTemplate":"https:\/\/terraforming.is\/?s={search_term_string}"},"query-input":{"@type":"PropertyValueSpecification","valueRequired":true,"valueName":"search_term_string"}}],"inLanguage":"is"},{"@type":"Organization","@id":"https:\/\/terraforming.is\/#organization","name":"Terraforming LIFE","url":"https:\/\/terraforming.is\/","logo":{"@type":"ImageObject","inLanguage":"is","@id":"https:\/\/terraforming.is\/#\/schema\/logo\/image\/","url":"https:\/\/terraforming.is\/wp-content\/uploads\/2023\/09\/terraformingLife_banner-600x141-1.png","contentUrl":"https:\/\/terraforming.is\/wp-content\/uploads\/2023\/09\/terraformingLife_banner-600x141-1.png","width":600,"height":141,"caption":"Terraforming LIFE"},"image":{"@id":"https:\/\/terraforming.is\/#\/schema\/logo\/image\/"}}]}},"_links":{"self":[{"href":"https:\/\/terraforming.is\/is\/wp-json\/wp\/v2\/pages\/1850","targetHints":{"allow":["GET"]}}],"collection":[{"href":"https:\/\/terraforming.is\/is\/wp-json\/wp\/v2\/pages"}],"about":[{"href":"https:\/\/terraforming.is\/is\/wp-json\/wp\/v2\/types\/page"}],"author":[{"embeddable":true,"href":"https:\/\/terraforming.is\/is\/wp-json\/wp\/v2\/users\/2"}],"replies":[{"embeddable":true,"href":"https:\/\/terraforming.is\/is\/wp-json\/wp\/v2\/comments?post=1850"}],"version-history":[{"count":10,"href":"https:\/\/terraforming.is\/is\/wp-json\/wp\/v2\/pages\/1850\/revisions"}],"predecessor-version":[{"id":2266,"href":"https:\/\/terraforming.is\/is\/wp-json\/wp\/v2\/pages\/1850\/revisions\/2266"}],"wp:attachment":[{"href":"https:\/\/terraforming.is\/is\/wp-json\/wp\/v2\/media?parent=1850"}],"curies":[{"name":"wp","href":"https:\/\/api.w.org\/{rel}","templated":true}]}}